{"id":4909,"date":"2025-03-17T17:44:30","date_gmt":"2025-03-17T17:44:30","guid":{"rendered":"https:\/\/paraboxstorage.ch\/?page_id=4909"},"modified":"2025-12-22T09:03:52","modified_gmt":"2025-12-22T09:03:52","slug":"about-us","status":"publish","type":"page","link":"https:\/\/paraboxstorage.ch\/fr\/about-us\/","title":{"rendered":"\u00c0 propos"},"content":{"rendered":"<div data-elementor-type=\"wp-page\" data-elementor-id=\"4909\" class=\"elementor elementor-4909\" data-elementor-post-type=\"page\">\n\t\t\t\t<div class=\"elementor-element elementor-element-d6e3a81 e-con-full e-flex e-con e-parent\" data-id=\"d6e3a81\" data-element_type=\"container\" data-settings=\"{&quot;background_background&quot;:&quot;classic&quot;}\">\n\t\t<div class=\"elementor-element elementor-element-60321df e-con-full e-flex e-con e-child\" data-id=\"60321df\" data-element_type=\"container\">\n\t\t<div class=\"elementor-element elementor-element-3efbc71 e-con-full e-flex e-con e-child\" data-id=\"3efbc71\" data-element_type=\"container\">\n\t\t\t\t<div class=\"elementor-element elementor-element-22083af elementor-widget elementor-widget-heading\" data-id=\"22083af\" data-element_type=\"widget\" data-widget_type=\"heading.default\">\n\t\t\t\t<div class=\"elementor-widget-container\">\n\t\t\t\t\t<h1 class=\"elementor-heading-title elementor-size-default\">\u00c0 propos de nous<\/h1>\t\t\t\t<\/div>\n\t\t\t\t<\/div>\n\t\t\t\t<\/div>\n\t\t\t\t<\/div>\n\t\t\t\t<\/div>\n\t\t<div class=\"elementor-element elementor-element-204f3b4 e-con-full e-flex e-con e-parent\" data-id=\"204f3b4\" data-element_type=\"container\" data-settings=\"{&quot;background_background&quot;:&quot;classic&quot;}\">\n\t\t<div class=\"elementor-element elementor-element-c958c5a e-con-full e-flex e-con e-child\" data-id=\"c958c5a\" data-element_type=\"container\" data-settings=\"{&quot;background_background&quot;:&quot;classic&quot;}\">\n\t\t<div class=\"elementor-element elementor-element-c10b265 e-con-full e-flex e-con e-child\" data-id=\"c10b265\" data-element_type=\"container\">\n\t\t<div class=\"elementor-element elementor-element-51fa4ab e-con-full e-flex e-con e-child\" data-id=\"51fa4ab\" data-element_type=\"container\">\n\t\t<div class=\"elementor-element elementor-element-5f21f79 e-con-full e-flex e-con e-child\" data-id=\"5f21f79\" data-element_type=\"container\">\n\t\t\t\t<div class=\"elementor-element elementor-element-22b68f6 elementor-widget elementor-widget-heading\" data-id=\"22b68f6\" data-element_type=\"widget\" data-widget_type=\"heading.default\">\n\t\t\t\t<div class=\"elementor-widget-container\">\n\t\t\t\t\t<h2 class=\"elementor-heading-title elementor-size-default\">La gen\u00e8se<\/h2>\t\t\t\t<\/div>\n\t\t\t\t<\/div>\n\t\t\t\t<div class=\"elementor-element elementor-element-512b9f8 elementor-widget elementor-widget-text-editor\" data-id=\"512b9f8\" data-element_type=\"widget\" data-widget_type=\"text-editor.default\">\n\t\t\t\t<div class=\"elementor-widget-container\">\n\t\t\t\t\t\t\t\t\t<p>Les fondateurs de ParaBox sont passionn\u00e9s par l'organisation et les solutions de rangement intelligentes. Un soir, autour d'une bi\u00e8re entre amis, nous avons commenc\u00e9 \u00e0 r\u00eaver d'un endroit o\u00f9 chacun pourrait stocker ses affaires en toute simplicit\u00e9. C'est ainsi qu'est n\u00e9 ParaBox !<\/p><p>Nous avons ouvert notre <span style=\"text-decoration: underline;\"><a href=\"https:\/\/paraboxstorage.ch\/fr\/\">premier site de stockage \u00e0 Gen\u00e8ve.<\/a><\/span>Notre ambition ? Offrir des espaces de self-stockage pratiques, s\u00e9curis\u00e9s et accessibles \u00e0 tous en Suisse romande.<\/p><p>Avec nous, pas de stress \u2014 juste une solution de stockage qui s\u2019adapte aux \u00e9tapes cl\u00e9s de nos parcours.<\/p>\t\t\t\t\t\t\t\t<\/div>\n\t\t\t\t<\/div>\n\t\t\t\t<\/div>\n\t\t<div class=\"elementor-element elementor-element-89b5093 e-con-full e-flex e-con e-child\" data-id=\"89b5093\" data-element_type=\"container\">\n\t\t<div class=\"elementor-element elementor-element-cefc7a5 e-con-full e-flex e-con e-child\" data-id=\"cefc7a5\" data-element_type=\"container\" data-settings=\"{&quot;background_background&quot;:&quot;classic&quot;}\">\n\t\t\t\t<\/div>\n\t\t\t\t<\/div>\n\t\t\t\t<\/div>\n\t\t\t\t<\/div>\n\t\t\t\t<\/div>\n\t\t\t\t<\/div>\n\t\t<div class=\"elementor-element elementor-element-6ea1872 e-con-full e-flex e-con e-parent\" data-id=\"6ea1872\" data-element_type=\"container\" data-settings=\"{&quot;background_background&quot;:&quot;classic&quot;}\">\n\t\t<div class=\"elementor-element elementor-element-1a88238 e-con-full e-flex e-con e-child\" data-id=\"1a88238\" data-element_type=\"container\" data-settings=\"{&quot;background_background&quot;:&quot;classic&quot;}\">\n\t\t<div class=\"elementor-element elementor-element-eacb9b3 e-con-full e-flex e-con e-child\" data-id=\"eacb9b3\" data-element_type=\"container\">\n\t\t<div class=\"elementor-element elementor-element-71e07b0 e-con-full e-flex e-con e-child\" data-id=\"71e07b0\" data-element_type=\"container\">\n\t\t<div class=\"elementor-element elementor-element-0072713 e-con-full e-flex e-con e-child\" data-id=\"0072713\" data-element_type=\"container\">\n\t\t\t\t<div class=\"elementor-element elementor-element-12c6a4c elementor-widget elementor-widget-heading\" data-id=\"12c6a4c\" data-element_type=\"widget\" data-widget_type=\"heading.default\">\n\t\t\t\t<div class=\"elementor-widget-container\">\n\t\t\t\t\t<h2 class=\"elementor-heading-title elementor-size-default\">Besoin de plus d\u2019espace? Nous sommes l\u00e0 pour vous!<\/h2>\t\t\t\t<\/div>\n\t\t\t\t<\/div>\n\t\t\t\t<div class=\"elementor-element elementor-element-8cf2a93 elementor-widget elementor-widget-text-editor\" data-id=\"8cf2a93\" data-element_type=\"widget\" data-widget_type=\"text-editor.default\">\n\t\t\t\t<div class=\"elementor-widget-container\">\n\t\t\t\t\t\t\t\t\t<p><span style=\"color: #000000;\"><strong>Ce qui nous rend heureux?<\/strong><\/span><br \/>Un espace bien organis\u00e9 o\u00f9 chaque chose est \u00e0 sa place.<\/p><p><span style=\"color: #000000;\"><strong>Notre principale qualit\u00e9?<\/strong><\/span><br \/>Trouver une solution de stockage pour chaque situation, m\u00eame les plus compliqu\u00e9es.<\/p><p><span style=\"color: #000000;\"><strong>Notre r\u00eave de toujours?<\/strong><\/span><br \/>Avoir une cave parfaitement organis\u00e9e... Et \u00e0 la fin, nous avons cr\u00e9\u00e9 ParaBox.<\/p><p><span style=\"color: #000000;\"><strong>Notre moto?<\/strong><\/span><br \/>Faites de la place pour l\u2019essentiel.<\/p><p><span style=\"color: #000000;\"><strong>Notre ambition?<\/strong><\/span><br \/>Faire de ParaBox l\u2019alli\u00e9 incontournable de celles et ceux qui manquent de place en Suisse romande!<\/p><p><span style=\"color: #000000;\"><strong>Un dernier point?<\/strong><\/span><br \/>Si vous recherchez une solution de stockage, nous avons la cl\u00e9!<\/p>\t\t\t\t\t\t\t\t<\/div>\n\t\t\t\t<\/div>\n\t\t\t\t<\/div>\n\t\t\t\t<\/div>\n\t\t\t\t<\/div>\n\t\t\t\t<\/div>\n\t\t\t\t<\/div>\n\t\t\t\t<\/div>","protected":false},"excerpt":{"rendered":"<p>Who we are The Genesis ParaBox founders are passionate about organization and smart storage solutions. One evening, over a beer with some friends, we started dreaming about a place where everyone could store their belongings with ease. And that\u2019s how ParaBox was born! We opened our first storage facility in Geneva, and that&#8217;s just the [&hellip;]<\/p>","protected":false},"author":1,"featured_media":0,"parent":0,"menu_order":0,"comment_status":"closed","ping_status":"closed","template":"","meta":{"footnotes":""},"class_list":["post-4909","page","type-page","status-publish","hentry"],"yoast_head":"<!-- This site is optimized with the Yoast SEO plugin v25.1 - https:\/\/yoast.com\/wordpress\/plugins\/seo\/ -->\n<title>A propos - ParaBox<\/title>\n<meta name=\"robots\" content=\"index, follow, max-snippet:-1, max-image-preview:large, max-video-preview:-1\" \/>\n<link rel=\"canonical\" href=\"https:\/\/paraboxstorage.ch\/fr\/about-us\/\" \/>\n<meta property=\"og:locale\" content=\"fr_FR\" \/>\n<meta property=\"og:type\" content=\"article\" \/>\n<meta property=\"og:title\" content=\"A propos - ParaBox\" \/>\n<meta property=\"og:description\" content=\"Who we are The Genesis ParaBox founders are passionate about organization and smart storage solutions. One evening, over a beer with some friends, we started dreaming about a place where everyone could store their belongings with ease. And that\u2019s how ParaBox was born! We opened our first storage facility in Geneva, and that&#8217;s just the [&hellip;]\" \/>\n<meta property=\"og:url\" content=\"https:\/\/paraboxstorage.ch\/fr\/about-us\/\" \/>\n<meta property=\"og:site_name\" content=\"ParaBox\" \/>\n<meta property=\"article:modified_time\" content=\"2025-12-22T09:03:52+00:00\" \/>\n<meta name=\"twitter:card\" content=\"summary_large_image\" \/>\n<meta name=\"twitter:label1\" content=\"Dur\u00e9e de lecture estim\u00e9e\" \/>\n\t<meta name=\"twitter:data1\" content=\"1 minute\" \/>\n<script type=\"application\/ld+json\" class=\"yoast-schema-graph\">{\"@context\":\"https:\/\/schema.org\",\"@graph\":[{\"@type\":\"WebPage\",\"@id\":\"https:\/\/paraboxstorage.ch\/about-us\/\",\"url\":\"https:\/\/paraboxstorage.ch\/about-us\/\",\"name\":\"A propos - ParaBox\",\"isPartOf\":{\"@id\":\"https:\/\/paraboxstorage.ch\/#website\"},\"datePublished\":\"2025-03-17T17:44:30+00:00\",\"dateModified\":\"2025-12-22T09:03:52+00:00\",\"breadcrumb\":{\"@id\":\"https:\/\/paraboxstorage.ch\/about-us\/#breadcrumb\"},\"inLanguage\":\"fr-FR\",\"potentialAction\":[{\"@type\":\"ReadAction\",\"target\":[\"https:\/\/paraboxstorage.ch\/about-us\/\"]}]},{\"@type\":\"BreadcrumbList\",\"@id\":\"https:\/\/paraboxstorage.ch\/about-us\/#breadcrumb\",\"itemListElement\":[{\"@type\":\"ListItem\",\"position\":1,\"name\":\"Home\",\"item\":\"https:\/\/paraboxstorage.ch\/\"},{\"@type\":\"ListItem\",\"position\":2,\"name\":\"About us\"}]},{\"@type\":\"WebSite\",\"@id\":\"https:\/\/paraboxstorage.ch\/#website\",\"url\":\"https:\/\/paraboxstorage.ch\/\",\"name\":\"ParaBox\",\"description\":\"Storage spaces in downtown Geneva\",\"potentialAction\":[{\"@type\":\"SearchAction\",\"target\":{\"@type\":\"EntryPoint\",\"urlTemplate\":\"https:\/\/paraboxstorage.ch\/?s={search_term_string}\"},\"query-input\":{\"@type\":\"PropertyValueSpecification\",\"valueRequired\":true,\"valueName\":\"search_term_string\"}}],\"inLanguage\":\"fr-FR\"}]}<\/script>\n<!-- \/ Yoast SEO plugin. -->","yoast_head_json":{"title":"A propos - ParaBox","robots":{"index":"index","follow":"follow","max-snippet":"max-snippet:-1","max-image-preview":"max-image-preview:large","max-video-preview":"max-video-preview:-1"},"canonical":"https:\/\/paraboxstorage.ch\/fr\/about-us\/","og_locale":"fr_FR","og_type":"article","og_title":"A propos - ParaBox","og_description":"Who we are The Genesis ParaBox founders are passionate about organization and smart storage solutions. One evening, over a beer with some friends, we started dreaming about a place where everyone could store their belongings with ease. And that\u2019s how ParaBox was born! We opened our first storage facility in Geneva, and that&#8217;s just the [&hellip;]","og_url":"https:\/\/paraboxstorage.ch\/fr\/about-us\/","og_site_name":"ParaBox","article_modified_time":"2025-12-22T09:03:52+00:00","twitter_card":"summary_large_image","twitter_misc":{"Dur\u00e9e de lecture estim\u00e9e":"1 minute"},"schema":{"@context":"https:\/\/schema.org","@graph":[{"@type":"WebPage","@id":"https:\/\/paraboxstorage.ch\/about-us\/","url":"https:\/\/paraboxstorage.ch\/about-us\/","name":"A propos - ParaBox","isPartOf":{"@id":"https:\/\/paraboxstorage.ch\/#website"},"datePublished":"2025-03-17T17:44:30+00:00","dateModified":"2025-12-22T09:03:52+00:00","breadcrumb":{"@id":"https:\/\/paraboxstorage.ch\/about-us\/#breadcrumb"},"inLanguage":"fr-FR","potentialAction":[{"@type":"ReadAction","target":["https:\/\/paraboxstorage.ch\/about-us\/"]}]},{"@type":"BreadcrumbList","@id":"https:\/\/paraboxstorage.ch\/about-us\/#breadcrumb","itemListElement":[{"@type":"ListItem","position":1,"name":"Home","item":"https:\/\/paraboxstorage.ch\/"},{"@type":"ListItem","position":2,"name":"About us"}]},{"@type":"WebSite","@id":"https:\/\/paraboxstorage.ch\/#website","url":"https:\/\/paraboxstorage.ch\/","name":"ParaBox","description":"Storage spaces in downtown Geneva","potentialAction":[{"@type":"SearchAction","target":{"@type":"EntryPoint","urlTemplate":"https:\/\/paraboxstorage.ch\/?s={search_term_string}"},"query-input":{"@type":"PropertyValueSpecification","valueRequired":true,"valueName":"search_term_string"}}],"inLanguage":"fr-FR"}]}},"_links":{"self":[{"href":"https:\/\/paraboxstorage.ch\/fr\/wp-json\/wp\/v2\/pages\/4909","targetHints":{"allow":["GET"]}}],"collection":[{"href":"https:\/\/paraboxstorage.ch\/fr\/wp-json\/wp\/v2\/pages"}],"about":[{"href":"https:\/\/paraboxstorage.ch\/fr\/wp-json\/wp\/v2\/types\/page"}],"author":[{"embeddable":true,"href":"https:\/\/paraboxstorage.ch\/fr\/wp-json\/wp\/v2\/users\/1"}],"replies":[{"embeddable":true,"href":"https:\/\/paraboxstorage.ch\/fr\/wp-json\/wp\/v2\/comments?post=4909"}],"version-history":[{"count":25,"href":"https:\/\/paraboxstorage.ch\/fr\/wp-json\/wp\/v2\/pages\/4909\/revisions"}],"predecessor-version":[{"id":6006,"href":"https:\/\/paraboxstorage.ch\/fr\/wp-json\/wp\/v2\/pages\/4909\/revisions\/6006"}],"wp:attachment":[{"href":"https:\/\/paraboxstorage.ch\/fr\/wp-json\/wp\/v2\/media?parent=4909"}],"curies":[{"name":"wp","href":"https:\/\/api.w.org\/{rel}","templated":true}]}}