{"id":4889,"date":"2025-03-05T15:12:53","date_gmt":"2025-03-05T15:12:53","guid":{"rendered":"https:\/\/paraboxstorage.ch\/?page_id=4889"},"modified":"2025-11-13T09:57:28","modified_gmt":"2025-11-13T09:57:28","slug":"become-a-paraboxer","status":"publish","type":"page","link":"https:\/\/paraboxstorage.ch\/fr\/become-a-paraboxer\/","title":{"rendered":"Devenez un ParaBoxer!"},"content":{"rendered":"<div data-elementor-type=\"wp-page\" data-elementor-id=\"4889\" class=\"elementor elementor-4889\" data-elementor-post-type=\"page\">\n\t\t\t\t<div class=\"elementor-element elementor-element-d6e3a81 e-con-full e-flex e-con e-parent\" data-id=\"d6e3a81\" data-element_type=\"container\" data-settings=\"{&quot;background_background&quot;:&quot;classic&quot;}\">\n\t\t<div class=\"elementor-element elementor-element-60321df e-con-full e-flex e-con e-child\" data-id=\"60321df\" data-element_type=\"container\">\n\t\t<div class=\"elementor-element elementor-element-3efbc71 e-con-full e-flex e-con e-child\" data-id=\"3efbc71\" data-element_type=\"container\">\n\t\t\t\t<div class=\"elementor-element elementor-element-22083af elementor-widget elementor-widget-heading\" data-id=\"22083af\" data-element_type=\"widget\" data-widget_type=\"heading.default\">\n\t\t\t\t<div class=\"elementor-widget-container\">\n\t\t\t\t\t<h1 class=\"elementor-heading-title elementor-size-default\">Devenez un ParaBoxer!<\/h1>\t\t\t\t<\/div>\n\t\t\t\t<\/div>\n\t\t\t\t<\/div>\n\t\t\t\t<\/div>\n\t\t\t\t<\/div>\n\t\t<div class=\"elementor-element elementor-element-204f3b4 e-con-full e-flex e-con e-parent\" data-id=\"204f3b4\" data-element_type=\"container\" data-settings=\"{&quot;background_background&quot;:&quot;classic&quot;}\">\n\t\t<div class=\"elementor-element elementor-element-c958c5a e-con-full e-flex e-con e-child\" data-id=\"c958c5a\" data-element_type=\"container\" data-settings=\"{&quot;background_background&quot;:&quot;classic&quot;}\">\n\t\t<div class=\"elementor-element elementor-element-c10b265 e-con-full e-flex e-con e-child\" data-id=\"c10b265\" data-element_type=\"container\">\n\t\t<div class=\"elementor-element elementor-element-51fa4ab e-con-full e-flex e-con e-child\" data-id=\"51fa4ab\" data-element_type=\"container\">\n\t\t<div class=\"elementor-element elementor-element-5f21f79 e-con-full e-flex e-con e-child\" data-id=\"5f21f79\" data-element_type=\"container\">\n\t\t\t\t<div class=\"elementor-element elementor-element-22b68f6 elementor-widget elementor-widget-heading\" data-id=\"22b68f6\" data-element_type=\"widget\" data-widget_type=\"heading.default\">\n\t\t\t\t<div class=\"elementor-widget-container\">\n\t\t\t\t\t<h2 class=\"elementor-heading-title elementor-size-default\">Transformez votre espace vacant et gagnez de l'argent avec ParaBox!<\/h2>\t\t\t\t<\/div>\n\t\t\t\t<\/div>\n\t\t\t\t<div class=\"elementor-element elementor-element-512b9f8 elementor-widget elementor-widget-text-editor\" data-id=\"512b9f8\" data-element_type=\"widget\" data-widget_type=\"text-editor.default\">\n\t\t\t\t<div class=\"elementor-widget-container\">\n\t\t\t\t\t\t\t\t\t<p>Vous avez un espace disponible qui pourrait \u00eatre transform\u00e9 en un centre de self-stockage s\u00e9curis\u00e9 et moderne ? Rejoignez le r\u00e9seau Parabox et commencez \u00e0 g\u00e9n\u00e9rer des revenus avec une solution de stockage intelligente et automatis\u00e9e !<\/p>\t\t\t\t\t\t\t\t<\/div>\n\t\t\t\t<\/div>\n\t\t<div class=\"elementor-element elementor-element-23fc9a5 e-con-full e-flex e-con e-child\" data-id=\"23fc9a5\" data-element_type=\"container\">\n\t\t<div class=\"elementor-element elementor-element-253bd52 e-con-full e-flex e-con e-child\" data-id=\"253bd52\" data-element_type=\"container\">\n\t\t\t\t<div class=\"elementor-element elementor-element-ca6e819 elementor-position-left elementor-vertical-align-middle elementor-mobile-position-left elementor-vertical-align-middle elementor-view-default elementor-widget elementor-widget-icon-box\" data-id=\"ca6e819\" data-element_type=\"widget\" data-widget_type=\"icon-box.default\">\n\t\t\t\t<div class=\"elementor-widget-container\">\n\t\t\t\t\t\t\t<div class=\"elementor-icon-box-wrapper\">\n\n\t\t\t\t\t\t<div class=\"elementor-icon-box-icon\">\n\t\t\t\t<span  class=\"elementor-icon\">\n\t\t\t\t<svg xmlns=\"http:\/\/www.w3.org\/2000\/svg\" xmlns:xlink=\"http:\/\/www.w3.org\/1999\/xlink\" id=\"Livello_1\" x=\"0px\" y=\"0px\" viewbox=\"0 0 35 35\" style=\"enable-background:new 0 0 35 35;\" xml:space=\"preserve\"><style type=\"text\/css\">\t.st0{fill:none;stroke:#502DC2;stroke-width:2;}\t.st1{fill:none;stroke:#502DC2;stroke-width:2;stroke-linecap:round;stroke-linejoin:round;}<\/style><circle class=\"st0\" cx=\"17.5\" cy=\"17.5\" r=\"16.5\"><\/circle><path class=\"st1\" d=\"M24.5,13.2l-9.6,9.6l-4.4-4.4\"><\/path><\/svg>\t\t\t\t<\/span>\n\t\t\t<\/div>\n\t\t\t\n\t\t\t\t\t\t<div class=\"elementor-icon-box-content\">\n\n\t\t\t\t\t\t\t\t\t<h3 class=\"elementor-icon-box-title\">\n\t\t\t\t\t\t<span  >\n\t\t\t\t\t\t\tMod\u00e8le d'affaires \u00e9prouv\u00e9\t\t\t\t\t\t<\/span>\n\t\t\t\t\t<\/h3>\n\t\t\t\t\n\t\t\t\t\n\t\t\t<\/div>\n\t\t\t\n\t\t<\/div>\n\t\t\t\t\t\t<\/div>\n\t\t\t\t<\/div>\n\t\t\t\t<\/div>\n\t\t<div class=\"elementor-element elementor-element-52a8d41 e-con-full e-flex e-con e-child\" data-id=\"52a8d41\" data-element_type=\"container\">\n\t\t\t\t<div class=\"elementor-element elementor-element-15f63da elementor-position-left elementor-vertical-align-middle elementor-mobile-position-left elementor-vertical-align-middle elementor-view-default elementor-widget elementor-widget-icon-box\" data-id=\"15f63da\" data-element_type=\"widget\" data-widget_type=\"icon-box.default\">\n\t\t\t\t<div class=\"elementor-widget-container\">\n\t\t\t\t\t\t\t<div class=\"elementor-icon-box-wrapper\">\n\n\t\t\t\t\t\t<div class=\"elementor-icon-box-icon\">\n\t\t\t\t<span  class=\"elementor-icon\">\n\t\t\t\t<svg xmlns=\"http:\/\/www.w3.org\/2000\/svg\" xmlns:xlink=\"http:\/\/www.w3.org\/1999\/xlink\" id=\"Livello_1\" x=\"0px\" y=\"0px\" viewbox=\"0 0 35 35\" style=\"enable-background:new 0 0 35 35;\" xml:space=\"preserve\"><style type=\"text\/css\">\t.st0{fill:none;stroke:#502DC2;stroke-width:2;}\t.st1{fill:none;stroke:#502DC2;stroke-width:2;stroke-linecap:round;stroke-linejoin:round;}<\/style><circle class=\"st0\" cx=\"17.5\" cy=\"17.5\" r=\"16.5\"><\/circle><path class=\"st1\" d=\"M24.5,13.2l-9.6,9.6l-4.4-4.4\"><\/path><\/svg>\t\t\t\t<\/span>\n\t\t\t<\/div>\n\t\t\t\n\t\t\t\t\t\t<div class=\"elementor-icon-box-content\">\n\n\t\t\t\t\t\t\t\t\t<h3 class=\"elementor-icon-box-title\">\n\t\t\t\t\t\t<span  >\n\t\t\t\t\t\t\tTechnologie de stockage intelligente\t\t\t\t\t\t<\/span>\n\t\t\t\t\t<\/h3>\n\t\t\t\t\n\t\t\t\t\n\t\t\t<\/div>\n\t\t\t\n\t\t<\/div>\n\t\t\t\t\t\t<\/div>\n\t\t\t\t<\/div>\n\t\t\t\t<\/div>\n\t\t<div class=\"elementor-element elementor-element-8b86033 e-con-full e-flex e-con e-child\" data-id=\"8b86033\" data-element_type=\"container\">\n\t\t\t\t<div class=\"elementor-element elementor-element-2b8edf4 elementor-position-left elementor-vertical-align-middle elementor-mobile-position-left elementor-vertical-align-middle elementor-view-default elementor-widget elementor-widget-icon-box\" data-id=\"2b8edf4\" data-element_type=\"widget\" data-widget_type=\"icon-box.default\">\n\t\t\t\t<div class=\"elementor-widget-container\">\n\t\t\t\t\t\t\t<div class=\"elementor-icon-box-wrapper\">\n\n\t\t\t\t\t\t<div class=\"elementor-icon-box-icon\">\n\t\t\t\t<span  class=\"elementor-icon\">\n\t\t\t\t<svg xmlns=\"http:\/\/www.w3.org\/2000\/svg\" xmlns:xlink=\"http:\/\/www.w3.org\/1999\/xlink\" id=\"Livello_1\" x=\"0px\" y=\"0px\" viewbox=\"0 0 35 35\" style=\"enable-background:new 0 0 35 35;\" xml:space=\"preserve\"><style type=\"text\/css\">\t.st0{fill:none;stroke:#502DC2;stroke-width:2;}\t.st1{fill:none;stroke:#502DC2;stroke-width:2;stroke-linecap:round;stroke-linejoin:round;}<\/style><circle class=\"st0\" cx=\"17.5\" cy=\"17.5\" r=\"16.5\"><\/circle><path class=\"st1\" d=\"M24.5,13.2l-9.6,9.6l-4.4-4.4\"><\/path><\/svg>\t\t\t\t<\/span>\n\t\t\t<\/div>\n\t\t\t\n\t\t\t\t\t\t<div class=\"elementor-icon-box-content\">\n\n\t\t\t\t\t\t\t\t\t<h3 class=\"elementor-icon-box-title\">\n\t\t\t\t\t\t<span  >\n\t\t\t\t\t\t\tSolution cl\u00e9s en main\t\t\t\t\t\t<\/span>\n\t\t\t\t\t<\/h3>\n\t\t\t\t\n\t\t\t\t\n\t\t\t<\/div>\n\t\t\t\n\t\t<\/div>\n\t\t\t\t\t\t<\/div>\n\t\t\t\t<\/div>\n\t\t\t\t<\/div>\n\t\t<div class=\"elementor-element elementor-element-d4bf017 e-con-full e-flex e-con e-child\" data-id=\"d4bf017\" data-element_type=\"container\">\n\t\t\t\t<div class=\"elementor-element elementor-element-42412bc elementor-position-left elementor-vertical-align-middle elementor-mobile-position-left elementor-vertical-align-middle elementor-view-default elementor-widget elementor-widget-icon-box\" data-id=\"42412bc\" data-element_type=\"widget\" data-widget_type=\"icon-box.default\">\n\t\t\t\t<div class=\"elementor-widget-container\">\n\t\t\t\t\t\t\t<div class=\"elementor-icon-box-wrapper\">\n\n\t\t\t\t\t\t<div class=\"elementor-icon-box-icon\">\n\t\t\t\t<span  class=\"elementor-icon\">\n\t\t\t\t<svg xmlns=\"http:\/\/www.w3.org\/2000\/svg\" xmlns:xlink=\"http:\/\/www.w3.org\/1999\/xlink\" id=\"Livello_1\" x=\"0px\" y=\"0px\" viewbox=\"0 0 35 35\" style=\"enable-background:new 0 0 35 35;\" xml:space=\"preserve\"><style type=\"text\/css\">\t.st0{fill:none;stroke:#502DC2;stroke-width:2;}\t.st1{fill:none;stroke:#502DC2;stroke-width:2;stroke-linecap:round;stroke-linejoin:round;}<\/style><circle class=\"st0\" cx=\"17.5\" cy=\"17.5\" r=\"16.5\"><\/circle><path class=\"st1\" d=\"M24.5,13.2l-9.6,9.6l-4.4-4.4\"><\/path><\/svg>\t\t\t\t<\/span>\n\t\t\t<\/div>\n\t\t\t\n\t\t\t\t\t\t<div class=\"elementor-icon-box-content\">\n\n\t\t\t\t\t\t\t\t\t<h3 class=\"elementor-icon-box-title\">\n\t\t\t\t\t\t<span  >\n\t\t\t\t\t\t\tInvestissement flexible\t\t\t\t\t\t<\/span>\n\t\t\t\t\t<\/h3>\n\t\t\t\t\n\t\t\t\t\n\t\t\t<\/div>\n\t\t\t\n\t\t<\/div>\n\t\t\t\t\t\t<\/div>\n\t\t\t\t<\/div>\n\t\t\t\t<\/div>\n\t\t\t\t<\/div>\n\t\t\t\t<\/div>\n\t\t<div class=\"elementor-element elementor-element-89b5093 e-con-full e-flex e-con e-child\" data-id=\"89b5093\" data-element_type=\"container\">\n\t\t<div class=\"elementor-element elementor-element-cefc7a5 e-con-full e-flex e-con e-child\" data-id=\"cefc7a5\" data-element_type=\"container\" data-settings=\"{&quot;background_background&quot;:&quot;classic&quot;}\">\n\t\t\t\t<div class=\"elementor-element elementor-element-746877d elementor-button-align-stretch elementor-widget elementor-widget-form\" data-id=\"746877d\" data-element_type=\"widget\" data-settings=\"{&quot;step_next_label&quot;:&quot;Successivo&quot;,&quot;step_previous_label&quot;:&quot;Precedente&quot;,&quot;button_width&quot;:&quot;100&quot;,&quot;step_type&quot;:&quot;number_text&quot;,&quot;step_icon_shape&quot;:&quot;circle&quot;}\" data-widget_type=\"form.default\">\n\t\t\t\t<div class=\"elementor-widget-container\">\n\t\t\t\t\t\t\t<form class=\"elementor-form\" method=\"post\" name=\"Contatti\" action=\"\">\n\t\t\t<input type=\"hidden\" name=\"post_id\" value=\"4889\"\/>\n\t\t\t<input type=\"hidden\" name=\"form_id\" value=\"746877d\"\/>\n\t\t\t<input type=\"hidden\" name=\"referer_title\" value=\"ParaBox\" \/>\n\n\t\t\t\n\t\t\t<div class=\"elementor-form-fields-wrapper elementor-labels-above\">\n\t\t\t\t\t\t\t\t<div class=\"elementor-field-type-html elementor-field-group elementor-column elementor-field-group-field_14d70b7 elementor-col-100\">\n\t\t\t\t\tCoordonn\u00e9es<br><br>\t\t\t\t<\/div>\n\t\t\t\t\t\t\t\t<div class=\"elementor-field-type-text elementor-field-group elementor-column elementor-field-group-name elementor-col-100 elementor-field-required elementor-mark-required\">\n\t\t\t\t\t\t\t\t\t\t\t\t<label for=\"form-field-name\" class=\"elementor-field-label\">\n\t\t\t\t\t\t\t\tPr\u00e9nom\t\t\t\t\t\t\t<\/label>\n\t\t\t\t\t\t\t\t\t\t\t\t\t\t<input size=\"1\" type=\"text\" name=\"form_fields[name]\" id=\"form-field-name\" class=\"elementor-field elementor-size-sm  elementor-field-textual\" required=\"required\">\n\t\t\t\t\t\t\t\t\t\t\t<\/div>\n\t\t\t\t\t\t\t\t<div class=\"elementor-field-type-text elementor-field-group elementor-column elementor-field-group-field_4d3b4ac elementor-col-100 elementor-field-required elementor-mark-required\">\n\t\t\t\t\t\t\t\t\t\t\t\t<label for=\"form-field-field_4d3b4ac\" class=\"elementor-field-label\">\n\t\t\t\t\t\t\t\tNom de famille\t\t\t\t\t\t\t<\/label>\n\t\t\t\t\t\t\t\t\t\t\t\t\t\t<input size=\"1\" type=\"text\" name=\"form_fields[field_4d3b4ac]\" id=\"form-field-field_4d3b4ac\" class=\"elementor-field elementor-size-sm  elementor-field-textual\" required=\"required\">\n\t\t\t\t\t\t\t\t\t\t\t<\/div>\n\t\t\t\t\t\t\t\t<div class=\"elementor-field-type-tel elementor-field-group elementor-column elementor-field-group-email elementor-col-100 elementor-field-required elementor-mark-required\">\n\t\t\t\t\t\t\t\t\t\t\t\t<label for=\"form-field-email\" class=\"elementor-field-label\">\n\t\t\t\t\t\t\t\tNum\u00e9ro de t\u00e9l\u00e9phone\t\t\t\t\t\t\t<\/label>\n\t\t\t\t\t\t\t\t<input size=\"1\" type=\"tel\" name=\"form_fields[email]\" id=\"form-field-email\" class=\"elementor-field elementor-size-sm  elementor-field-textual\" required=\"required\" pattern=\"[0-9()#&amp;+*-=.]+\" title=\"Seuls les caract\u00e8res de num\u00e9ros de t\u00e9l\u00e9phone (#, -, *, etc.) sont accept\u00e9s.\">\n\n\t\t\t\t\t\t<\/div>\n\t\t\t\t\t\t\t\t<div class=\"elementor-field-type-email elementor-field-group elementor-column elementor-field-group-field_2550613 elementor-col-100 elementor-field-required elementor-mark-required\">\n\t\t\t\t\t\t\t\t\t\t\t\t<label for=\"form-field-field_2550613\" class=\"elementor-field-label\">\n\t\t\t\t\t\t\t\tE-mail\t\t\t\t\t\t\t<\/label>\n\t\t\t\t\t\t\t\t\t\t\t\t\t\t<input size=\"1\" type=\"email\" name=\"form_fields[field_2550613]\" id=\"form-field-field_2550613\" class=\"elementor-field elementor-size-sm  elementor-field-textual\" required=\"required\">\n\t\t\t\t\t\t\t\t\t\t\t<\/div>\n\t\t\t\t\t\t\t\t<div class=\"elementor-field-type-text elementor-field-group elementor-column elementor-field-group-field_4ca36e2 elementor-col-100 elementor-field-required elementor-mark-required\">\n\t\t\t\t\t\t\t\t\t\t\t\t<label for=\"form-field-field_4ca36e2\" class=\"elementor-field-label\">\n\t\t\t\t\t\t\t\tLocalisation\t\t\t\t\t\t\t<\/label>\n\t\t\t\t\t\t\t\t\t\t\t\t\t\t<input size=\"1\" type=\"text\" name=\"form_fields[field_4ca36e2]\" id=\"form-field-field_4ca36e2\" class=\"elementor-field elementor-size-sm  elementor-field-textual\" required=\"required\">\n\t\t\t\t\t\t\t\t\t\t\t<\/div>\n\t\t\t\t\t\t\t\t<div class=\"elementor-field-type-html elementor-field-group elementor-column elementor-field-group-field_16c7591 elementor-col-100\">\n\t\t\t\t\t<span style=\"font-size:12px;line-height:10px !Important;\">En remplissant le formulaire, je d\u00e9clare avoir pris connaissance de la politique de confidentialit\u00e9 et consentir \u00e0 la collecte, au stockage et \u00e0 l'utilisation de mes donn\u00e9es personnelles pour le traitement de ma demande.<\/span>\t\t\t\t<\/div>\n\t\t\t\t\t\t\t\t<div class=\"elementor-field-type-recaptcha_v3 elementor-field-group elementor-column elementor-field-group-field_a8b0751 elementor-col-100 recaptcha_v3-bottomright\">\n\t\t\t\t\t<div class=\"elementor-field\" id=\"form-field-field_a8b0751\"><div class=\"elementor-g-recaptcha\" data-sitekey=\"6LfFIF0rAAAAAIFEHyK0s6JLXTr710mz3FgNfdoM\" data-type=\"v3\" data-action=\"Form\" data-badge=\"bottomright\" data-size=\"invisible\"><\/div><\/div>\t\t\t\t<\/div>\n\t\t\t\t\t\t\t\t<div class=\"elementor-field-group elementor-column elementor-field-type-submit elementor-col-100 e-form__buttons\">\n\t\t\t\t\t<button class=\"elementor-button elementor-size-sm\" type=\"submit\">\n\t\t\t\t\t\t<span class=\"elementor-button-content-wrapper\">\n\t\t\t\t\t\t\t\t\t\t\t\t\t\t\t\t\t\t\t\t\t\t<span class=\"elementor-button-text\">Envoyer la demande<\/span>\n\t\t\t\t\t\t\t\t\t\t\t\t\t<\/span>\n\t\t\t\t\t<\/button>\n\t\t\t\t<\/div>\n\t\t\t<\/div>\n\t\t<input type=\"hidden\" name=\"trp-form-language\" value=\"fr\"\/><\/form>\n\t\t\t\t\t\t<\/div>\n\t\t\t\t<\/div>\n\t\t\t\t<\/div>\n\t\t\t\t<\/div>\n\t\t\t\t<\/div>\n\t\t\t\t<\/div>\n\t\t\t\t<\/div>\n\t\t\t\t<\/div>\n\t\t\t\t<\/div>","protected":false},"excerpt":{"rendered":"<p>Become a ParaBoxer! Turn your space into a profitable ParaBox location Do you have an available space that could be transformed into a secure and modern self-storage facility? Join the Parabox network and start generating revenue with a smart, automated storage solution! Proven business model Smart storage technology Complete solution Flexible investment<\/p>","protected":false},"author":1,"featured_media":0,"parent":0,"menu_order":0,"comment_status":"closed","ping_status":"closed","template":"","meta":{"footnotes":""},"class_list":["post-4889","page","type-page","status-publish","hentry"],"yoast_head":"<!-- This site is optimized with the Yoast SEO plugin v25.1 - https:\/\/yoast.com\/wordpress\/plugins\/seo\/ -->\n<title>Become a ParaBoxer - ParaBox<\/title>\n<meta name=\"robots\" content=\"index, follow, max-snippet:-1, max-image-preview:large, max-video-preview:-1\" \/>\n<link rel=\"canonical\" href=\"https:\/\/paraboxstorage.ch\/fr\/become-a-paraboxer\/\" \/>\n<meta property=\"og:locale\" content=\"fr_FR\" \/>\n<meta property=\"og:type\" content=\"article\" \/>\n<meta property=\"og:title\" content=\"Become a ParaBoxer - ParaBox\" \/>\n<meta property=\"og:description\" content=\"Become a ParaBoxer! Turn your space into a profitable ParaBox location Do you have an available space that could be transformed into a secure and modern self-storage facility? Join the Parabox network and start generating revenue with a smart, automated storage solution! Proven business model Smart storage technology Complete solution Flexible investment\" \/>\n<meta property=\"og:url\" content=\"https:\/\/paraboxstorage.ch\/fr\/become-a-paraboxer\/\" \/>\n<meta property=\"og:site_name\" content=\"ParaBox\" \/>\n<meta property=\"article:modified_time\" content=\"2025-11-13T09:57:28+00:00\" \/>\n<meta name=\"twitter:card\" content=\"summary_large_image\" \/>\n<meta name=\"twitter:label1\" content=\"Dur\u00e9e de lecture estim\u00e9e\" \/>\n\t<meta name=\"twitter:data1\" content=\"1 minute\" \/>\n<script type=\"application\/ld+json\" class=\"yoast-schema-graph\">{\"@context\":\"https:\/\/schema.org\",\"@graph\":[{\"@type\":\"WebPage\",\"@id\":\"https:\/\/paraboxstorage.ch\/become-a-paraboxer\/\",\"url\":\"https:\/\/paraboxstorage.ch\/become-a-paraboxer\/\",\"name\":\"Become a ParaBoxer - ParaBox\",\"isPartOf\":{\"@id\":\"https:\/\/paraboxstorage.ch\/#website\"},\"datePublished\":\"2025-03-05T15:12:53+00:00\",\"dateModified\":\"2025-11-13T09:57:28+00:00\",\"breadcrumb\":{\"@id\":\"https:\/\/paraboxstorage.ch\/become-a-paraboxer\/#breadcrumb\"},\"inLanguage\":\"fr-FR\",\"potentialAction\":[{\"@type\":\"ReadAction\",\"target\":[\"https:\/\/paraboxstorage.ch\/become-a-paraboxer\/\"]}]},{\"@type\":\"BreadcrumbList\",\"@id\":\"https:\/\/paraboxstorage.ch\/become-a-paraboxer\/#breadcrumb\",\"itemListElement\":[{\"@type\":\"ListItem\",\"position\":1,\"name\":\"Home\",\"item\":\"https:\/\/paraboxstorage.ch\/\"},{\"@type\":\"ListItem\",\"position\":2,\"name\":\"Become a ParaBoxer!\"}]},{\"@type\":\"WebSite\",\"@id\":\"https:\/\/paraboxstorage.ch\/#website\",\"url\":\"https:\/\/paraboxstorage.ch\/\",\"name\":\"ParaBox\",\"description\":\"Storage spaces in downtown Geneva\",\"potentialAction\":[{\"@type\":\"SearchAction\",\"target\":{\"@type\":\"EntryPoint\",\"urlTemplate\":\"https:\/\/paraboxstorage.ch\/?s={search_term_string}\"},\"query-input\":{\"@type\":\"PropertyValueSpecification\",\"valueRequired\":true,\"valueName\":\"search_term_string\"}}],\"inLanguage\":\"fr-FR\"}]}<\/script>\n<!-- \/ Yoast SEO plugin. -->","yoast_head_json":{"title":"Become a ParaBoxer - ParaBox","robots":{"index":"index","follow":"follow","max-snippet":"max-snippet:-1","max-image-preview":"max-image-preview:large","max-video-preview":"max-video-preview:-1"},"canonical":"https:\/\/paraboxstorage.ch\/fr\/become-a-paraboxer\/","og_locale":"fr_FR","og_type":"article","og_title":"Become a ParaBoxer - ParaBox","og_description":"Become a ParaBoxer! Turn your space into a profitable ParaBox location Do you have an available space that could be transformed into a secure and modern self-storage facility? Join the Parabox network and start generating revenue with a smart, automated storage solution! Proven business model Smart storage technology Complete solution Flexible investment","og_url":"https:\/\/paraboxstorage.ch\/fr\/become-a-paraboxer\/","og_site_name":"ParaBox","article_modified_time":"2025-11-13T09:57:28+00:00","twitter_card":"summary_large_image","twitter_misc":{"Dur\u00e9e de lecture estim\u00e9e":"1 minute"},"schema":{"@context":"https:\/\/schema.org","@graph":[{"@type":"WebPage","@id":"https:\/\/paraboxstorage.ch\/become-a-paraboxer\/","url":"https:\/\/paraboxstorage.ch\/become-a-paraboxer\/","name":"Become a ParaBoxer - ParaBox","isPartOf":{"@id":"https:\/\/paraboxstorage.ch\/#website"},"datePublished":"2025-03-05T15:12:53+00:00","dateModified":"2025-11-13T09:57:28+00:00","breadcrumb":{"@id":"https:\/\/paraboxstorage.ch\/become-a-paraboxer\/#breadcrumb"},"inLanguage":"fr-FR","potentialAction":[{"@type":"ReadAction","target":["https:\/\/paraboxstorage.ch\/become-a-paraboxer\/"]}]},{"@type":"BreadcrumbList","@id":"https:\/\/paraboxstorage.ch\/become-a-paraboxer\/#breadcrumb","itemListElement":[{"@type":"ListItem","position":1,"name":"Home","item":"https:\/\/paraboxstorage.ch\/"},{"@type":"ListItem","position":2,"name":"Become a ParaBoxer!"}]},{"@type":"WebSite","@id":"https:\/\/paraboxstorage.ch\/#website","url":"https:\/\/paraboxstorage.ch\/","name":"ParaBox","description":"Storage spaces in downtown Geneva","potentialAction":[{"@type":"SearchAction","target":{"@type":"EntryPoint","urlTemplate":"https:\/\/paraboxstorage.ch\/?s={search_term_string}"},"query-input":{"@type":"PropertyValueSpecification","valueRequired":true,"valueName":"search_term_string"}}],"inLanguage":"fr-FR"}]}},"_links":{"self":[{"href":"https:\/\/paraboxstorage.ch\/fr\/wp-json\/wp\/v2\/pages\/4889","targetHints":{"allow":["GET"]}}],"collection":[{"href":"https:\/\/paraboxstorage.ch\/fr\/wp-json\/wp\/v2\/pages"}],"about":[{"href":"https:\/\/paraboxstorage.ch\/fr\/wp-json\/wp\/v2\/types\/page"}],"author":[{"embeddable":true,"href":"https:\/\/paraboxstorage.ch\/fr\/wp-json\/wp\/v2\/users\/1"}],"replies":[{"embeddable":true,"href":"https:\/\/paraboxstorage.ch\/fr\/wp-json\/wp\/v2\/comments?post=4889"}],"version-history":[{"count":31,"href":"https:\/\/paraboxstorage.ch\/fr\/wp-json\/wp\/v2\/pages\/4889\/revisions"}],"predecessor-version":[{"id":5970,"href":"https:\/\/paraboxstorage.ch\/fr\/wp-json\/wp\/v2\/pages\/4889\/revisions\/5970"}],"wp:attachment":[{"href":"https:\/\/paraboxstorage.ch\/fr\/wp-json\/wp\/v2\/media?parent=4889"}],"curies":[{"name":"wp","href":"https:\/\/api.w.org\/{rel}","templated":true}]}}