{"id":4574,"date":"2024-07-31T14:54:45","date_gmt":"2024-07-31T14:54:45","guid":{"rendered":"https:\/\/paraboxstorage.ch\/?page_id=4574"},"modified":"2025-11-13T09:36:50","modified_gmt":"2025-11-13T09:36:50","slug":"tips-and-tricks","status":"publish","type":"page","link":"https:\/\/paraboxstorage.ch\/fr\/tips-and-tricks\/","title":{"rendered":"Conseils et astuces"},"content":{"rendered":"<div data-elementor-type=\"wp-page\" data-elementor-id=\"4574\" class=\"elementor elementor-4574\" data-elementor-post-type=\"page\">\n\t\t\t\t<div class=\"elementor-element elementor-element-4185dde e-con-full e-flex e-con e-parent\" data-id=\"4185dde\" data-element_type=\"container\" data-settings=\"{&quot;background_background&quot;:&quot;classic&quot;}\">\n\t\t<div class=\"elementor-element elementor-element-4d9c92f e-con-full e-flex e-con e-child\" data-id=\"4d9c92f\" data-element_type=\"container\">\n\t\t<div class=\"elementor-element elementor-element-8f54cf0 e-con-full e-flex e-con e-child\" data-id=\"8f54cf0\" data-element_type=\"container\">\n\t\t\t\t<div class=\"elementor-element elementor-element-829fd88 elementor-widget elementor-widget-heading\" data-id=\"829fd88\" data-element_type=\"widget\" data-widget_type=\"heading.default\">\n\t\t\t\t<div class=\"elementor-widget-container\">\n\t\t\t\t\t<h1 class=\"elementor-heading-title elementor-size-default\">Conseils et astuces de stockage<\/h1>\t\t\t\t<\/div>\n\t\t\t\t<\/div>\n\t\t\t\t<\/div>\n\t\t\t\t<\/div>\n\t\t\t\t<\/div>\n\t\t<div class=\"elementor-element elementor-element-ab62dce e-con-full e-flex e-con e-parent\" data-id=\"ab62dce\" data-element_type=\"container\" data-settings=\"{&quot;background_background&quot;:&quot;classic&quot;}\">\n\t\t<div class=\"elementor-element elementor-element-7f6bc2a e-con-full e-flex e-con e-child\" data-id=\"7f6bc2a\" data-element_type=\"container\">\n\t\t<div class=\"elementor-element elementor-element-60d1016 e-con-full e-flex e-con e-child\" data-id=\"60d1016\" data-element_type=\"container\">\n\t\t\t\t<div class=\"elementor-element elementor-element-31e54a5 elementor-widget elementor-widget-heading\" data-id=\"31e54a5\" data-element_type=\"widget\" data-widget_type=\"heading.default\">\n\t\t\t\t<div class=\"elementor-widget-container\">\n\t\t\t\t\t<h2 class=\"elementor-heading-title elementor-size-default\">Nos derniers articles<\/h2>\t\t\t\t<\/div>\n\t\t\t\t<\/div>\n\t\t\t\t<\/div>\n\t\t\t\t<\/div>\n\t\t\t\t<\/div>\n\t\t<div class=\"elementor-element elementor-element-aa73548 e-con-full e-flex e-con e-parent\" data-id=\"aa73548\" data-element_type=\"container\" data-settings=\"{&quot;background_background&quot;:&quot;classic&quot;}\">\n\t\t<div class=\"elementor-element elementor-element-715deab e-con-full e-flex e-con e-child\" data-id=\"715deab\" data-element_type=\"container\">\n\t\t<div class=\"elementor-element elementor-element-288251e e-con-full e-flex e-con e-child\" data-id=\"288251e\" data-element_type=\"container\">\n\t\t\t\t<div class=\"elementor-element elementor-element-29e36c3 elementor-widget elementor-widget-jet-listing-grid\" data-id=\"29e36c3\" data-element_type=\"widget\" data-settings=\"{&quot;columns&quot;:3,&quot;columns_tablet&quot;:&quot;2&quot;,&quot;columns_mobile&quot;:&quot;1&quot;}\" data-widget_type=\"jet-listing-grid.default\">\n\t\t\t\t<div class=\"elementor-widget-container\">\n\t\t\t\t\t<div class=\"jet-listing-grid jet-listing\"><div class=\"jet-listing-grid__items grid-col-desk-3 grid-col-tablet-2 grid-col-mobile-1 jet-listing-grid--4714\" data-queried-id=\"4574|WP_Post\" data-nav=\"{&quot;enabled&quot;:false,&quot;type&quot;:null,&quot;more_el&quot;:null,&quot;query&quot;:[],&quot;widget_settings&quot;:{&quot;lisitng_id&quot;:4714,&quot;posts_num&quot;:999,&quot;columns&quot;:3,&quot;columns_tablet&quot;:2,&quot;columns_mobile&quot;:1,&quot;column_min_width&quot;:240,&quot;column_min_width_tablet&quot;:240,&quot;column_min_width_mobile&quot;:240,&quot;inline_columns_css&quot;:false,&quot;is_archive_template&quot;:&quot;&quot;,&quot;post_status&quot;:[&quot;publish&quot;],&quot;use_random_posts_num&quot;:&quot;&quot;,&quot;max_posts_num&quot;:9,&quot;not_found_message&quot;:&quot;No data was found&quot;,&quot;is_masonry&quot;:false,&quot;equal_columns_height&quot;:&quot;&quot;,&quot;use_load_more&quot;:&quot;&quot;,&quot;load_more_id&quot;:&quot;&quot;,&quot;load_more_type&quot;:&quot;click&quot;,&quot;load_more_offset&quot;:{&quot;unit&quot;:&quot;px&quot;,&quot;size&quot;:0,&quot;sizes&quot;:[]},&quot;use_custom_post_types&quot;:&quot;&quot;,&quot;custom_post_types&quot;:[],&quot;hide_widget_if&quot;:&quot;&quot;,&quot;carousel_enabled&quot;:&quot;&quot;,&quot;slides_to_scroll&quot;:&quot;1&quot;,&quot;arrows&quot;:&quot;true&quot;,&quot;arrow_icon&quot;:&quot;fa fa-angle-left&quot;,&quot;dots&quot;:&quot;&quot;,&quot;autoplay&quot;:&quot;true&quot;,&quot;pause_on_hover&quot;:&quot;true&quot;,&quot;autoplay_speed&quot;:5000,&quot;infinite&quot;:&quot;true&quot;,&quot;center_mode&quot;:&quot;&quot;,&quot;effect&quot;:&quot;slide&quot;,&quot;speed&quot;:500,&quot;inject_alternative_items&quot;:&quot;&quot;,&quot;injection_items&quot;:[],&quot;scroll_slider_enabled&quot;:&quot;&quot;,&quot;scroll_slider_on&quot;:[&quot;desktop&quot;,&quot;tablet&quot;,&quot;mobile&quot;],&quot;custom_query&quot;:false,&quot;custom_query_id&quot;:&quot;&quot;,&quot;_element_id&quot;:&quot;&quot;,&quot;collapse_first_last_gap&quot;:false,&quot;list_items_wrapper_tag&quot;:&quot;div&quot;,&quot;list_item_tag&quot;:&quot;div&quot;,&quot;empty_items_wrapper_tag&quot;:&quot;div&quot;}}\" data-page=\"1\" data-pages=\"1\" data-listing-source=\"posts\" data-listing-id=\"4714\" data-query-id=\"\"><div class=\"jet-listing-grid__item jet-listing-dynamic-post-4749\" data-post-id=\"4749\" ><div class=\"jet-engine-listing-overlay-wrap\" data-url=\"https:\/\/paraboxstorage.ch\/fr\/tips-for-properly-storing-your-belongings-with-parabox\/\">\t\t<div data-elementor-type=\"jet-listing-items\" data-elementor-id=\"4714\" class=\"elementor elementor-4714\" data-elementor-post-type=\"jet-engine\">\n\t\t\t\t<div class=\"elementor-element elementor-element-380778b e-con-full e-flex e-con e-child\" data-id=\"380778b\" data-element_type=\"container\">\n\t\t\t\t<div class=\"elementor-element elementor-element-970809b elementor-widget elementor-widget-image\" data-id=\"970809b\" data-element_type=\"widget\" data-widget_type=\"image.default\">\n\t\t\t\t<div class=\"elementor-widget-container\">\n\t\t\t\t\t\t\t\t\t\t\t\t\t\t\t<img fetchpriority=\"high\" decoding=\"async\" width=\"1024\" height=\"683\" src=\"https:\/\/paraboxstorage.ch\/wp-content\/uploads\/2024\/07\/ParaBox-self-storage-Geneva-Switzerland-4.jpg\" class=\"attachment-full size-full wp-image-4304\" alt=\"\" srcset=\"https:\/\/paraboxstorage.ch\/wp-content\/uploads\/2024\/07\/ParaBox-self-storage-Geneva-Switzerland-4.jpg 1024w, https:\/\/paraboxstorage.ch\/wp-content\/uploads\/2024\/07\/ParaBox-self-storage-Geneva-Switzerland-4-300x200.jpg 300w, https:\/\/paraboxstorage.ch\/wp-content\/uploads\/2024\/07\/ParaBox-self-storage-Geneva-Switzerland-4-768x512.jpg 768w, https:\/\/paraboxstorage.ch\/wp-content\/uploads\/2024\/07\/ParaBox-self-storage-Geneva-Switzerland-4-18x12.jpg 18w\" sizes=\"(max-width: 1024px) 100vw, 1024px\" \/>\t\t\t\t\t\t\t\t\t\t\t\t\t\t\t<\/div>\n\t\t\t\t<\/div>\n\t\t\t\t<div class=\"elementor-element elementor-element-15a65d7 elementor-widget elementor-widget-heading\" data-id=\"15a65d7\" data-element_type=\"widget\" data-widget_type=\"heading.default\">\n\t\t\t\t<div class=\"elementor-widget-container\">\n\t\t\t\t\t<h3 class=\"elementor-heading-title elementor-size-default\">Astuces pour stocker vos affaires en s\u00e9curit\u00e9 chez ParaBox<\/h3>\t\t\t\t<\/div>\n\t\t\t\t<\/div>\n\t\t\t\t<div class=\"elementor-element elementor-element-2275214 elementor-drop-cap-yes elementor-drop-cap-view-default elementor-widget elementor-widget-text-editor\" data-id=\"2275214\" data-element_type=\"widget\" data-settings=\"{&quot;drop_cap&quot;:&quot;yes&quot;}\" data-widget_type=\"text-editor.default\">\n\t\t\t\t<div class=\"elementor-widget-container\">\n\t\t\t\t\t\t\t\t\tLorsque vous stockez vos biens dans un centre de stockage, une bonne organisation est essentielle pour prot\u00e9ger vos biens et optimiser l'espace disponible....\t\t\t\t\t\t\t\t<\/div>\n\t\t\t\t<\/div>\n\t\t\t\t<\/div>\n\t\t\t\t<\/div>\n\t\t<a href=\"https:\/\/paraboxstorage.ch\/fr\/tips-for-properly-storing-your-belongings-with-parabox\/\" class=\"jet-engine-listing-overlay-link\"><\/a><\/div><\/div><div class=\"jet-listing-grid__item jet-listing-dynamic-post-4747\" data-post-id=\"4747\" ><div class=\"jet-engine-listing-overlay-wrap\" data-url=\"https:\/\/paraboxstorage.ch\/fr\/how-to-choose-the-right-storage-volume-at-parabox\/\">\t\t<div data-elementor-type=\"jet-listing-items\" data-elementor-id=\"4714\" class=\"elementor elementor-4714\" data-elementor-post-type=\"jet-engine\">\n\t\t\t\t<div class=\"elementor-element elementor-element-380778b e-con-full e-flex e-con e-child\" data-id=\"380778b\" data-element_type=\"container\">\n\t\t\t\t<div class=\"elementor-element elementor-element-970809b elementor-widget elementor-widget-image\" data-id=\"970809b\" data-element_type=\"widget\" data-widget_type=\"image.default\">\n\t\t\t\t<div class=\"elementor-widget-container\">\n\t\t\t\t\t\t\t\t\t\t\t\t\t\t\t<img decoding=\"async\" width=\"450\" height=\"288\" src=\"https:\/\/paraboxstorage.ch\/wp-content\/uploads\/2024\/07\/c2365ece-black-woman-sticking-small-paper-with-receiver-add-2023-11-27-04-59-20-utc_10ci08c0ci080000006000.jpg\" class=\"attachment-full size-full wp-image-4286\" alt=\"\" srcset=\"https:\/\/paraboxstorage.ch\/wp-content\/uploads\/2024\/07\/c2365ece-black-woman-sticking-small-paper-with-receiver-add-2023-11-27-04-59-20-utc_10ci08c0ci080000006000.jpg 450w, https:\/\/paraboxstorage.ch\/wp-content\/uploads\/2024\/07\/c2365ece-black-woman-sticking-small-paper-with-receiver-add-2023-11-27-04-59-20-utc_10ci08c0ci080000006000-300x192.jpg 300w, https:\/\/paraboxstorage.ch\/wp-content\/uploads\/2024\/07\/c2365ece-black-woman-sticking-small-paper-with-receiver-add-2023-11-27-04-59-20-utc_10ci08c0ci080000006000-18x12.jpg 18w\" sizes=\"(max-width: 450px) 100vw, 450px\" \/>\t\t\t\t\t\t\t\t\t\t\t\t\t\t\t<\/div>\n\t\t\t\t<\/div>\n\t\t\t\t<div class=\"elementor-element elementor-element-15a65d7 elementor-widget elementor-widget-heading\" data-id=\"15a65d7\" data-element_type=\"widget\" data-widget_type=\"heading.default\">\n\t\t\t\t<div class=\"elementor-widget-container\">\n\t\t\t\t\t<h3 class=\"elementor-heading-title elementor-size-default\">Comment choisir le bon volume de stockage chez ParaBox<\/h3>\t\t\t\t<\/div>\n\t\t\t\t<\/div>\n\t\t\t\t<div class=\"elementor-element elementor-element-2275214 elementor-drop-cap-yes elementor-drop-cap-view-default elementor-widget elementor-widget-text-editor\" data-id=\"2275214\" data-element_type=\"widget\" data-settings=\"{&quot;drop_cap&quot;:&quot;yes&quot;}\" data-widget_type=\"text-editor.default\">\n\t\t\t\t<div class=\"elementor-widget-container\">\n\t\t\t\t\t\t\t\t\tChez ParaBox, nous comprenons qu'il peut \u00eatre difficile de d\u00e9terminer l'espace de stockage le mieux adapt\u00e9 \u00e0 vos besoins. Pour vous aider...\t\t\t\t\t\t\t\t<\/div>\n\t\t\t\t<\/div>\n\t\t\t\t<\/div>\n\t\t\t\t<\/div>\n\t\t<a href=\"https:\/\/paraboxstorage.ch\/fr\/how-to-choose-the-right-storage-volume-at-parabox\/\" class=\"jet-engine-listing-overlay-link\"><\/a><\/div><\/div><div class=\"jet-listing-grid__item jet-listing-dynamic-post-4744\" data-post-id=\"4744\" ><div class=\"jet-engine-listing-overlay-wrap\" data-url=\"https:\/\/paraboxstorage.ch\/fr\/the-checklist-to-avoid-forgetting-anything-during-your-move\/\">\t\t<div data-elementor-type=\"jet-listing-items\" data-elementor-id=\"4714\" class=\"elementor elementor-4714\" data-elementor-post-type=\"jet-engine\">\n\t\t\t\t<div class=\"elementor-element elementor-element-380778b e-con-full e-flex e-con e-child\" data-id=\"380778b\" data-element_type=\"container\">\n\t\t\t\t<div class=\"elementor-element elementor-element-970809b elementor-widget elementor-widget-image\" data-id=\"970809b\" data-element_type=\"widget\" data-widget_type=\"image.default\">\n\t\t\t\t<div class=\"elementor-widget-container\">\n\t\t\t\t\t\t\t\t\t\t\t\t\t\t\t<img decoding=\"async\" width=\"1024\" height=\"683\" src=\"https:\/\/paraboxstorage.ch\/wp-content\/uploads\/2024\/07\/ParaBox-self-storage-Geneva-Switzerland-3.jpg\" class=\"attachment-full size-full wp-image-4303\" alt=\"\" srcset=\"https:\/\/paraboxstorage.ch\/wp-content\/uploads\/2024\/07\/ParaBox-self-storage-Geneva-Switzerland-3.jpg 1024w, https:\/\/paraboxstorage.ch\/wp-content\/uploads\/2024\/07\/ParaBox-self-storage-Geneva-Switzerland-3-300x200.jpg 300w, https:\/\/paraboxstorage.ch\/wp-content\/uploads\/2024\/07\/ParaBox-self-storage-Geneva-Switzerland-3-768x512.jpg 768w, https:\/\/paraboxstorage.ch\/wp-content\/uploads\/2024\/07\/ParaBox-self-storage-Geneva-Switzerland-3-18x12.jpg 18w\" sizes=\"(max-width: 1024px) 100vw, 1024px\" \/>\t\t\t\t\t\t\t\t\t\t\t\t\t\t\t<\/div>\n\t\t\t\t<\/div>\n\t\t\t\t<div class=\"elementor-element elementor-element-15a65d7 elementor-widget elementor-widget-heading\" data-id=\"15a65d7\" data-element_type=\"widget\" data-widget_type=\"heading.default\">\n\t\t\t\t<div class=\"elementor-widget-container\">\n\t\t\t\t\t<h3 class=\"elementor-heading-title elementor-size-default\">La liste indispensable pour ne rien oublier lors de votre d\u00e9m\u00e9nagement<\/h3>\t\t\t\t<\/div>\n\t\t\t\t<\/div>\n\t\t\t\t<div class=\"elementor-element elementor-element-2275214 elementor-drop-cap-yes elementor-drop-cap-view-default elementor-widget elementor-widget-text-editor\" data-id=\"2275214\" data-element_type=\"widget\" data-settings=\"{&quot;drop_cap&quot;:&quot;yes&quot;}\" data-widget_type=\"text-editor.default\">\n\t\t\t\t<div class=\"elementor-widget-container\">\n\t\t\t\t\t\t\t\t\tPar o\u00f9 commencer ? En jetant un coup d'\u0153il \u00e0 la maison que vous quittez, l'ampleur de la t\u00e2che peut vous sembler insurmontable. Cet article va vous offrir une bonne respiration...\t\t\t\t\t\t\t\t<\/div>\n\t\t\t\t<\/div>\n\t\t\t\t<\/div>\n\t\t\t\t<\/div>\n\t\t<a href=\"https:\/\/paraboxstorage.ch\/fr\/the-checklist-to-avoid-forgetting-anything-during-your-move\/\" class=\"jet-engine-listing-overlay-link\"><\/a><\/div><\/div><div class=\"jet-listing-grid__item jet-listing-dynamic-post-4710\" data-post-id=\"4710\" ><div class=\"jet-engine-listing-overlay-wrap\" data-url=\"https:\/\/paraboxstorage.ch\/fr\/tips-for-a-successful-move-with-parabox\/\">\t\t<div data-elementor-type=\"jet-listing-items\" data-elementor-id=\"4714\" class=\"elementor elementor-4714\" data-elementor-post-type=\"jet-engine\">\n\t\t\t\t<div class=\"elementor-element elementor-element-380778b e-con-full e-flex e-con e-child\" data-id=\"380778b\" data-element_type=\"container\">\n\t\t\t\t<div class=\"elementor-element elementor-element-970809b elementor-widget elementor-widget-image\" data-id=\"970809b\" data-element_type=\"widget\" data-widget_type=\"image.default\">\n\t\t\t\t<div class=\"elementor-widget-container\">\n\t\t\t\t\t\t\t\t\t\t\t\t\t\t\t<img loading=\"lazy\" decoding=\"async\" width=\"2500\" height=\"1668\" src=\"https:\/\/paraboxstorage.ch\/wp-content\/uploads\/2024\/07\/young-multiethnic-coworkers-holding-cardboard-boxe-2023-11-27-05-03-26-utc.jpg\" class=\"attachment-full size-full wp-image-4577\" alt=\"\" srcset=\"https:\/\/paraboxstorage.ch\/wp-content\/uploads\/2024\/07\/young-multiethnic-coworkers-holding-cardboard-boxe-2023-11-27-05-03-26-utc.jpg 2500w, https:\/\/paraboxstorage.ch\/wp-content\/uploads\/2024\/07\/young-multiethnic-coworkers-holding-cardboard-boxe-2023-11-27-05-03-26-utc-300x200.jpg 300w, https:\/\/paraboxstorage.ch\/wp-content\/uploads\/2024\/07\/young-multiethnic-coworkers-holding-cardboard-boxe-2023-11-27-05-03-26-utc-1024x683.jpg 1024w, https:\/\/paraboxstorage.ch\/wp-content\/uploads\/2024\/07\/young-multiethnic-coworkers-holding-cardboard-boxe-2023-11-27-05-03-26-utc-768x512.jpg 768w, https:\/\/paraboxstorage.ch\/wp-content\/uploads\/2024\/07\/young-multiethnic-coworkers-holding-cardboard-boxe-2023-11-27-05-03-26-utc-1536x1025.jpg 1536w, https:\/\/paraboxstorage.ch\/wp-content\/uploads\/2024\/07\/young-multiethnic-coworkers-holding-cardboard-boxe-2023-11-27-05-03-26-utc-2048x1366.jpg 2048w, https:\/\/paraboxstorage.ch\/wp-content\/uploads\/2024\/07\/young-multiethnic-coworkers-holding-cardboard-boxe-2023-11-27-05-03-26-utc-18x12.jpg 18w\" sizes=\"(max-width: 2500px) 100vw, 2500px\" \/>\t\t\t\t\t\t\t\t\t\t\t\t\t\t\t<\/div>\n\t\t\t\t<\/div>\n\t\t\t\t<div class=\"elementor-element elementor-element-15a65d7 elementor-widget elementor-widget-heading\" data-id=\"15a65d7\" data-element_type=\"widget\" data-widget_type=\"heading.default\">\n\t\t\t\t<div class=\"elementor-widget-container\">\n\t\t\t\t\t<h3 class=\"elementor-heading-title elementor-size-default\">Conseils pour un d\u00e9m\u00e9nagement r\u00e9ussi avec ParaBox<\/h3>\t\t\t\t<\/div>\n\t\t\t\t<\/div>\n\t\t\t\t<div class=\"elementor-element elementor-element-2275214 elementor-drop-cap-yes elementor-drop-cap-view-default elementor-widget elementor-widget-text-editor\" data-id=\"2275214\" data-element_type=\"widget\" data-settings=\"{&quot;drop_cap&quot;:&quot;yes&quot;}\" data-widget_type=\"text-editor.default\">\n\t\t\t\t<div class=\"elementor-widget-container\">\n\t\t\t\t\t\t\t\t\tD\u00e9m\u00e9nager peut \u00eatre une t\u00e2che stressante, mais une bonne pr\u00e9paration et quelques conseils peuvent faciliter le processus....\t\t\t\t\t\t\t\t<\/div>\n\t\t\t\t<\/div>\n\t\t\t\t<\/div>\n\t\t\t\t<\/div>\n\t\t<a href=\"https:\/\/paraboxstorage.ch\/fr\/tips-for-a-successful-move-with-parabox\/\" class=\"jet-engine-listing-overlay-link\"><\/a><\/div><\/div><\/div><\/div>\t\t\t\t<\/div>\n\t\t\t\t<\/div>\n\t\t\t\t<\/div>\n\t\t\t\t<\/div>\n\t\t\t\t<\/div>\n\t\t\t\t<\/div>","protected":false},"excerpt":{"rendered":"<p>Storage tips and tricks Our latest posts<\/p>","protected":false},"author":1,"featured_media":0,"parent":0,"menu_order":0,"comment_status":"closed","ping_status":"closed","template":"","meta":{"footnotes":""},"class_list":["post-4574","page","type-page","status-publish","hentry"],"yoast_head":"<!-- This site is optimized with the Yoast SEO plugin v25.1 - https:\/\/yoast.com\/wordpress\/plugins\/seo\/ -->\n<title>Astuces et tips - Blog - Box de stockage<\/title>\n<meta name=\"robots\" content=\"index, follow, max-snippet:-1, max-image-preview:large, max-video-preview:-1\" \/>\n<link rel=\"canonical\" href=\"https:\/\/paraboxstorage.ch\/fr\/tips-and-tricks\/\" \/>\n<meta property=\"og:locale\" content=\"fr_FR\" \/>\n<meta property=\"og:type\" content=\"article\" \/>\n<meta property=\"og:title\" content=\"Astuces et tips - Blog - Box de stockage\" \/>\n<meta property=\"og:description\" content=\"Storage tips and tricks Our latest posts\" \/>\n<meta property=\"og:url\" content=\"https:\/\/paraboxstorage.ch\/fr\/tips-and-tricks\/\" \/>\n<meta property=\"og:site_name\" content=\"ParaBox\" \/>\n<meta property=\"article:modified_time\" content=\"2025-11-13T09:36:50+00:00\" \/>\n<meta name=\"twitter:card\" content=\"summary_large_image\" \/>\n<meta name=\"twitter:label1\" content=\"Dur\u00e9e de lecture estim\u00e9e\" \/>\n\t<meta name=\"twitter:data1\" content=\"1 minute\" \/>\n<script type=\"application\/ld+json\" class=\"yoast-schema-graph\">{\"@context\":\"https:\/\/schema.org\",\"@graph\":[{\"@type\":\"WebPage\",\"@id\":\"https:\/\/paraboxstorage.ch\/tips-and-tricks\/\",\"url\":\"https:\/\/paraboxstorage.ch\/tips-and-tricks\/\",\"name\":\"Astuces et tips - Blog - Box de stockage\",\"isPartOf\":{\"@id\":\"https:\/\/paraboxstorage.ch\/#website\"},\"datePublished\":\"2024-07-31T14:54:45+00:00\",\"dateModified\":\"2025-11-13T09:36:50+00:00\",\"breadcrumb\":{\"@id\":\"https:\/\/paraboxstorage.ch\/tips-and-tricks\/#breadcrumb\"},\"inLanguage\":\"fr-FR\",\"potentialAction\":[{\"@type\":\"ReadAction\",\"target\":[\"https:\/\/paraboxstorage.ch\/tips-and-tricks\/\"]}]},{\"@type\":\"BreadcrumbList\",\"@id\":\"https:\/\/paraboxstorage.ch\/tips-and-tricks\/#breadcrumb\",\"itemListElement\":[{\"@type\":\"ListItem\",\"position\":1,\"name\":\"Home\",\"item\":\"https:\/\/paraboxstorage.ch\/\"},{\"@type\":\"ListItem\",\"position\":2,\"name\":\"Tips and tricks\"}]},{\"@type\":\"WebSite\",\"@id\":\"https:\/\/paraboxstorage.ch\/#website\",\"url\":\"https:\/\/paraboxstorage.ch\/\",\"name\":\"ParaBox\",\"description\":\"Storage spaces in downtown Geneva\",\"potentialAction\":[{\"@type\":\"SearchAction\",\"target\":{\"@type\":\"EntryPoint\",\"urlTemplate\":\"https:\/\/paraboxstorage.ch\/?s={search_term_string}\"},\"query-input\":{\"@type\":\"PropertyValueSpecification\",\"valueRequired\":true,\"valueName\":\"search_term_string\"}}],\"inLanguage\":\"fr-FR\"}]}<\/script>\n<!-- \/ Yoast SEO plugin. -->","yoast_head_json":{"title":"Astuces et tips - Blog - Box de stockage","robots":{"index":"index","follow":"follow","max-snippet":"max-snippet:-1","max-image-preview":"max-image-preview:large","max-video-preview":"max-video-preview:-1"},"canonical":"https:\/\/paraboxstorage.ch\/fr\/tips-and-tricks\/","og_locale":"fr_FR","og_type":"article","og_title":"Astuces et tips - Blog - Box de stockage","og_description":"Storage tips and tricks Our latest posts","og_url":"https:\/\/paraboxstorage.ch\/fr\/tips-and-tricks\/","og_site_name":"ParaBox","article_modified_time":"2025-11-13T09:36:50+00:00","twitter_card":"summary_large_image","twitter_misc":{"Dur\u00e9e de lecture estim\u00e9e":"1 minute"},"schema":{"@context":"https:\/\/schema.org","@graph":[{"@type":"WebPage","@id":"https:\/\/paraboxstorage.ch\/tips-and-tricks\/","url":"https:\/\/paraboxstorage.ch\/tips-and-tricks\/","name":"Astuces et tips - Blog - Box de stockage","isPartOf":{"@id":"https:\/\/paraboxstorage.ch\/#website"},"datePublished":"2024-07-31T14:54:45+00:00","dateModified":"2025-11-13T09:36:50+00:00","breadcrumb":{"@id":"https:\/\/paraboxstorage.ch\/tips-and-tricks\/#breadcrumb"},"inLanguage":"fr-FR","potentialAction":[{"@type":"ReadAction","target":["https:\/\/paraboxstorage.ch\/tips-and-tricks\/"]}]},{"@type":"BreadcrumbList","@id":"https:\/\/paraboxstorage.ch\/tips-and-tricks\/#breadcrumb","itemListElement":[{"@type":"ListItem","position":1,"name":"Home","item":"https:\/\/paraboxstorage.ch\/"},{"@type":"ListItem","position":2,"name":"Tips and tricks"}]},{"@type":"WebSite","@id":"https:\/\/paraboxstorage.ch\/#website","url":"https:\/\/paraboxstorage.ch\/","name":"ParaBox","description":"Storage spaces in downtown Geneva","potentialAction":[{"@type":"SearchAction","target":{"@type":"EntryPoint","urlTemplate":"https:\/\/paraboxstorage.ch\/?s={search_term_string}"},"query-input":{"@type":"PropertyValueSpecification","valueRequired":true,"valueName":"search_term_string"}}],"inLanguage":"fr-FR"}]}},"_links":{"self":[{"href":"https:\/\/paraboxstorage.ch\/fr\/wp-json\/wp\/v2\/pages\/4574","targetHints":{"allow":["GET"]}}],"collection":[{"href":"https:\/\/paraboxstorage.ch\/fr\/wp-json\/wp\/v2\/pages"}],"about":[{"href":"https:\/\/paraboxstorage.ch\/fr\/wp-json\/wp\/v2\/types\/page"}],"author":[{"embeddable":true,"href":"https:\/\/paraboxstorage.ch\/fr\/wp-json\/wp\/v2\/users\/1"}],"replies":[{"embeddable":true,"href":"https:\/\/paraboxstorage.ch\/fr\/wp-json\/wp\/v2\/comments?post=4574"}],"version-history":[{"count":22,"href":"https:\/\/paraboxstorage.ch\/fr\/wp-json\/wp\/v2\/pages\/4574\/revisions"}],"predecessor-version":[{"id":4759,"href":"https:\/\/paraboxstorage.ch\/fr\/wp-json\/wp\/v2\/pages\/4574\/revisions\/4759"}],"wp:attachment":[{"href":"https:\/\/paraboxstorage.ch\/fr\/wp-json\/wp\/v2\/media?parent=4574"}],"curies":[{"name":"wp","href":"https:\/\/api.w.org\/{rel}","templated":true}]}}