{"id":3647,"date":"2024-07-01T15:45:12","date_gmt":"2024-07-01T15:45:12","guid":{"rendered":"https:\/\/paraboxstorage.ch\/?page_id=3647"},"modified":"2026-02-03T08:36:32","modified_gmt":"2026-02-03T08:36:32","slug":"contact-us","status":"publish","type":"page","link":"https:\/\/paraboxstorage.ch\/fr\/contact-us\/","title":{"rendered":"Contactez-nous"},"content":{"rendered":"<div data-elementor-type=\"wp-page\" data-elementor-id=\"3647\" class=\"elementor elementor-3647\" data-elementor-post-type=\"page\">\n\t\t\t\t<div class=\"elementor-element elementor-element-d6e3a81 e-con-full e-flex e-con e-parent\" data-id=\"d6e3a81\" data-element_type=\"container\" data-settings=\"{&quot;background_background&quot;:&quot;classic&quot;}\">\n\t\t<div class=\"elementor-element elementor-element-60321df e-con-full e-flex e-con e-child\" data-id=\"60321df\" data-element_type=\"container\">\n\t\t<div class=\"elementor-element elementor-element-3efbc71 e-con-full e-flex e-con e-child\" data-id=\"3efbc71\" data-element_type=\"container\">\n\t\t\t\t<div class=\"elementor-element elementor-element-22083af elementor-widget elementor-widget-heading\" data-id=\"22083af\" data-element_type=\"widget\" data-widget_type=\"heading.default\">\n\t\t\t\t<div class=\"elementor-widget-container\">\n\t\t\t\t\t<h1 class=\"elementor-heading-title elementor-size-default\">Contactez-nous<\/h1>\t\t\t\t<\/div>\n\t\t\t\t<\/div>\n\t\t\t\t<\/div>\n\t\t\t\t<\/div>\n\t\t\t\t<\/div>\n\t\t<div class=\"elementor-element elementor-element-204f3b4 e-con-full e-flex e-con e-parent\" data-id=\"204f3b4\" data-element_type=\"container\" data-settings=\"{&quot;background_background&quot;:&quot;classic&quot;}\">\n\t\t<div class=\"elementor-element elementor-element-c958c5a e-con-full e-flex e-con e-child\" data-id=\"c958c5a\" data-element_type=\"container\" data-settings=\"{&quot;background_background&quot;:&quot;classic&quot;}\">\n\t\t<div class=\"elementor-element elementor-element-c10b265 e-con-full e-flex e-con e-child\" data-id=\"c10b265\" data-element_type=\"container\">\n\t\t<div class=\"elementor-element elementor-element-51fa4ab e-con-full e-flex e-con e-child\" data-id=\"51fa4ab\" data-element_type=\"container\">\n\t\t<div class=\"elementor-element elementor-element-5f21f79 e-con-full e-flex e-con e-child\" data-id=\"5f21f79\" data-element_type=\"container\" data-settings=\"{&quot;sticky&quot;:&quot;top&quot;,&quot;sticky_offset&quot;:110,&quot;sticky_parent&quot;:&quot;yes&quot;,&quot;sticky_on&quot;:[&quot;desktop&quot;],&quot;sticky_effects_offset&quot;:0,&quot;sticky_anchor_link_offset&quot;:0}\">\n\t\t\t\t<div class=\"elementor-element elementor-element-22b68f6 elementor-widget elementor-widget-heading\" data-id=\"22b68f6\" data-element_type=\"widget\" data-widget_type=\"heading.default\">\n\t\t\t\t<div class=\"elementor-widget-container\">\n\t\t\t\t\t<h2 class=\"elementor-heading-title elementor-size-default\">Nous sommes l\u00e0 pour vous aider<\/h2>\t\t\t\t<\/div>\n\t\t\t\t<\/div>\n\t\t\t\t<div class=\"elementor-element elementor-element-512b9f8 elementor-widget elementor-widget-text-editor\" data-id=\"512b9f8\" data-element_type=\"widget\" data-widget_type=\"text-editor.default\">\n\t\t\t\t<div class=\"elementor-widget-container\">\n\t\t\t\t\t\t\t\t\t<p><a href=\"https:\/\/paraboxstorage.ch\/fr\/\"><strong>Le centre ParaBox Gen\u00e8ve Cornavin<\/strong><\/a>, ouvert 24\/7,<strong> est situ\u00e9 \u00e0 la <\/strong><a href=\"https:\/\/www.google.com\/maps\/dir\/46.2097023,6.1435271\/Rue+des+Quatre-Saisons,+1201+Gen%C3%A8ve\/@46.2101868,6.1313603,4197m\/data=!3m2!1e3!4b1!4m10!4m9!1m1!4e1!1m5!1m1!1s0x478c64d8567cf05f:0xe592788fe1f84b75!2m2!1d6.1399026!2d46.2096066!3e0?entry=ttu&amp;g_ep=EgoyMDI1MDYxNi4wIKXMDSoASAFQAw%3D%3D\"><strong>Rue des Quatre-Saisons<\/strong><\/a>, \u00e0 deux pas de la gare Cornavin. <strong>Une entr\u00e9e pi\u00e9tons vous attend \u00e9galement \u00e0 la\u00a0<a href=\"https:\/\/www.google.com\/maps\/place\/Rue+des+Quatre-Saisons,+1201+Gen%C3%A8ve\/@46.2091235,6.1408253,262m\/data=!3m1!1e3!4m6!3m5!1s0x478c64d8567cf05f:0xe592788fe1f84b75!8m2!3d46.2096066!4d6.1399026!16s%2Fg%2F1tfbb17b?entry=ttu&amp;g_ep=EgoyMDI1MDYxNi4wIKXMDSoASAFQAw%3D%3D\">Rue du Cercle 2<\/a><\/strong>.<\/p><p><strong>Appelez-nous au <a href=\"tel:41227354500\">+41 22 735 45 00<\/a> ou remplissez le formulaire de contact<\/strong>, nous vous r\u00e9pondrons dans les plus brefs d\u00e9lais. Plus vous nous donnez de d\u00e9tails, mieux nous pourrons r\u00e9pondre \u00e0 vos besoins sp\u00e9cifiques.<\/p><p><strong>Au plaisir d\u2019\u00e9changer avec vous!<\/strong><\/p>\t\t\t\t\t\t\t\t<\/div>\n\t\t\t\t<\/div>\n\t\t\t\t<\/div>\n\t\t<div class=\"elementor-element elementor-element-89b5093 e-con-full e-flex e-con e-child\" data-id=\"89b5093\" data-element_type=\"container\">\n\t\t\t\t<div class=\"elementor-element elementor-element-d4fdfc2 elementor-widget elementor-widget-heading\" data-id=\"d4fdfc2\" data-element_type=\"widget\" data-widget_type=\"heading.default\">\n\t\t\t\t<div class=\"elementor-widget-container\">\n\t\t\t\t\t<h3 class=\"elementor-heading-title elementor-size-default\">Formulaire de contact<\/h3>\t\t\t\t<\/div>\n\t\t\t\t<\/div>\n\t\t<div class=\"elementor-element elementor-element-cefc7a5 e-con-full e-flex e-con e-child\" data-id=\"cefc7a5\" data-element_type=\"container\" data-settings=\"{&quot;background_background&quot;:&quot;classic&quot;}\">\n\t\t\t\t<div class=\"elementor-element elementor-element-746877d elementor-button-align-stretch elementor-widget elementor-widget-form\" data-id=\"746877d\" data-element_type=\"widget\" data-settings=\"{&quot;step_next_label&quot;:&quot;Successivo&quot;,&quot;step_previous_label&quot;:&quot;Precedente&quot;,&quot;button_width&quot;:&quot;100&quot;,&quot;step_type&quot;:&quot;number_text&quot;,&quot;step_icon_shape&quot;:&quot;circle&quot;}\" data-widget_type=\"form.default\">\n\t\t\t\t<div class=\"elementor-widget-container\">\n\t\t\t\t\t\t\t<form class=\"elementor-form\" method=\"post\" name=\"Contatti\" action=\"\">\n\t\t\t<input type=\"hidden\" name=\"post_id\" value=\"3647\"\/>\n\t\t\t<input type=\"hidden\" name=\"form_id\" value=\"746877d\"\/>\n\t\t\t<input type=\"hidden\" name=\"referer_title\" value=\"ParaBox\" \/>\n\n\t\t\t\n\t\t\t<div class=\"elementor-form-fields-wrapper elementor-labels-above\">\n\t\t\t\t\t\t\t\t<div class=\"elementor-field-type-html elementor-field-group elementor-column elementor-field-group-field_14d70b7 elementor-col-100\">\n\t\t\t\t\tCoordonn\u00e9es<br><br>\t\t\t\t<\/div>\n\t\t\t\t\t\t\t\t<div class=\"elementor-field-type-text elementor-field-group elementor-column elementor-field-group-name elementor-col-100 elementor-field-required elementor-mark-required\">\n\t\t\t\t\t\t\t\t\t\t\t\t<label for=\"form-field-name\" class=\"elementor-field-label\">\n\t\t\t\t\t\t\t\tPr\u00e9nom\t\t\t\t\t\t\t<\/label>\n\t\t\t\t\t\t\t\t\t\t\t\t\t\t<input size=\"1\" type=\"text\" name=\"form_fields[name]\" id=\"form-field-name\" class=\"elementor-field elementor-size-sm  elementor-field-textual\" required=\"required\">\n\t\t\t\t\t\t\t\t\t\t\t<\/div>\n\t\t\t\t\t\t\t\t<div class=\"elementor-field-type-text elementor-field-group elementor-column elementor-field-group-field_4d3b4ac elementor-col-100 elementor-field-required elementor-mark-required\">\n\t\t\t\t\t\t\t\t\t\t\t\t<label for=\"form-field-field_4d3b4ac\" class=\"elementor-field-label\">\n\t\t\t\t\t\t\t\tNom de famille\t\t\t\t\t\t\t<\/label>\n\t\t\t\t\t\t\t\t\t\t\t\t\t\t<input size=\"1\" type=\"text\" name=\"form_fields[field_4d3b4ac]\" id=\"form-field-field_4d3b4ac\" class=\"elementor-field elementor-size-sm  elementor-field-textual\" required=\"required\">\n\t\t\t\t\t\t\t\t\t\t\t<\/div>\n\t\t\t\t\t\t\t\t<div class=\"elementor-field-type-tel elementor-field-group elementor-column elementor-field-group-email elementor-col-100 elementor-field-required elementor-mark-required\">\n\t\t\t\t\t\t\t\t\t\t\t\t<label for=\"form-field-email\" class=\"elementor-field-label\">\n\t\t\t\t\t\t\t\tNum\u00e9ro de t\u00e9l\u00e9phone\t\t\t\t\t\t\t<\/label>\n\t\t\t\t\t\t\t\t<input size=\"1\" type=\"tel\" name=\"form_fields[email]\" id=\"form-field-email\" class=\"elementor-field elementor-size-sm  elementor-field-textual\" required=\"required\" pattern=\"[0-9()#&amp;+*-=.]+\" title=\"Seuls les caract\u00e8res de num\u00e9ros de t\u00e9l\u00e9phone (#, -, *, etc.) sont accept\u00e9s.\">\n\n\t\t\t\t\t\t<\/div>\n\t\t\t\t\t\t\t\t<div class=\"elementor-field-type-email elementor-field-group elementor-column elementor-field-group-field_2550613 elementor-col-100 elementor-field-required elementor-mark-required\">\n\t\t\t\t\t\t\t\t\t\t\t\t<label for=\"form-field-field_2550613\" class=\"elementor-field-label\">\n\t\t\t\t\t\t\t\tE-mail\t\t\t\t\t\t\t<\/label>\n\t\t\t\t\t\t\t\t\t\t\t\t\t\t<input size=\"1\" type=\"email\" name=\"form_fields[field_2550613]\" id=\"form-field-field_2550613\" class=\"elementor-field elementor-size-sm  elementor-field-textual\" required=\"required\">\n\t\t\t\t\t\t\t\t\t\t\t<\/div>\n\t\t\t\t\t\t\t\t<div class=\"elementor-field-type-html elementor-field-group elementor-column elementor-field-group-field_b0d1081 elementor-col-100\">\n\t\t\t\t\t<br>Informations relatives \u00e0 votre demande<br><br>\t\t\t\t<\/div>\n\t\t\t\t\t\t\t\t<div class=\"elementor-field-type-select elementor-field-group elementor-column elementor-field-group-field_4ca36e2 elementor-col-100 elementor-field-required elementor-mark-required\">\n\t\t\t\t\t\t\t\t\t\t\t\t<label for=\"form-field-field_4ca36e2\" class=\"elementor-field-label\">\n\t\t\t\t\t\t\t\tSite\t\t\t\t\t\t\t<\/label>\n\t\t\t\t\t\t\t\t<div class=\"elementor-field elementor-select-wrapper remove-before\">\n\t\t\t<div class=\"select-caret-down-wrapper\">\n\t\t\t\t<svg aria-hidden=\"true\" class=\"e-font-icon-svg e-eicon-caret-down\" viewbox=\"0 0 571.4 571.4\" xmlns=\"http:\/\/www.w3.org\/2000\/svg\"><path d=\"M571 393Q571 407 561 418L311 668Q300 679 286 679T261 668L11 418Q0 407 0 393T11 368 36 357H536Q550 357 561 368T571 393Z\"><\/path><\/svg>\t\t\t<\/div>\n\t\t\t<select name=\"form_fields[field_4ca36e2]\" id=\"form-field-field_4ca36e2\" class=\"elementor-field-textual elementor-size-sm\" required=\"required\">\n\t\t\t\t\t\t\t\t\t<option value=\"Geneva\">Gen\u00e8ve<\/option>\n\t\t\t\t\t\t\t<\/select>\n\t\t<\/div>\n\t\t\t\t\t\t<\/div>\n\t\t\t\t\t\t\t\t<div class=\"elementor-field-type-select elementor-field-group elementor-column elementor-field-group-field_121cdfd elementor-col-100 elementor-field-required elementor-mark-required\">\n\t\t\t\t\t\t\t\t\t\t\t\t<label for=\"form-field-field_121cdfd\" class=\"elementor-field-label\">\n\t\t\t\t\t\t\t\tObjet de la demande\t\t\t\t\t\t\t<\/label>\n\t\t\t\t\t\t\t\t<div class=\"elementor-field elementor-select-wrapper remove-before\">\n\t\t\t<div class=\"select-caret-down-wrapper\">\n\t\t\t\t<svg aria-hidden=\"true\" class=\"e-font-icon-svg e-eicon-caret-down\" viewbox=\"0 0 571.4 571.4\" xmlns=\"http:\/\/www.w3.org\/2000\/svg\"><path d=\"M571 393Q571 407 561 418L311 668Q300 679 286 679T261 668L11 418Q0 407 0 393T11 368 36 357H536Q550 357 561 368T571 393Z\"><\/path><\/svg>\t\t\t<\/div>\n\t\t\t<select name=\"form_fields[field_121cdfd]\" id=\"form-field-field_121cdfd\" class=\"elementor-field-textual elementor-size-sm\" required=\"required\">\n\t\t\t\t\t\t\t\t\t<option value=\"Interested in a storage unit\">Int\u00e9r\u00eat \u00e0 louer un box<\/option>\n\t\t\t\t\t\t\t\t\t<option value=\"Questions about an existing contract\">Questions relatives \u00e0 un contrat existant<\/option>\n\t\t\t\t\t\t\t\t\t<option value=\"Local moving partners\">Demande pour un d\u00e9m\u00e9nagement<\/option>\n\t\t\t\t\t\t\t\t\t<option value=\"Buy packing material\">Achat de mat\u00e9riel d'emballage<\/option>\n\t\t\t\t\t\t\t\t\t<option value=\"Terminate contract\">R\u00e9silier un contrat<\/option>\n\t\t\t\t\t\t\t\t\t<option value=\"Other\">Autre question<\/option>\n\t\t\t\t\t\t\t<\/select>\n\t\t<\/div>\n\t\t\t\t\t\t<\/div>\n\t\t\t\t\t\t\t\t<div class=\"elementor-field-type-textarea elementor-field-group elementor-column elementor-field-group-field_ef4ffb3 elementor-col-100\">\n\t\t\t\t\t\t\t\t\t\t\t\t<label for=\"form-field-field_ef4ffb3\" class=\"elementor-field-label\">\n\t\t\t\t\t\t\t\tInfos concernant votre demande\t\t\t\t\t\t\t<\/label>\n\t\t\t\t\t\t<textarea class=\"elementor-field-textual elementor-field  elementor-size-sm\" name=\"form_fields[field_ef4ffb3]\" id=\"form-field-field_ef4ffb3\" rows=\"6\"><\/textarea>\t\t\t\t<\/div>\n\t\t\t\t\t\t\t\t<div class=\"elementor-field-type-html elementor-field-group elementor-column elementor-field-group-field_16c7591 elementor-col-100\">\n\t\t\t\t\t<span style=\"font-size:12px;line-height:10px !Important;\">En remplissant le formulaire, je d\u00e9clare avoir pris connaissance de la politique de confidentialit\u00e9 et consentir \u00e0 la collecte, au stockage et \u00e0 l'utilisation de mes donn\u00e9es personnelles pour le traitement de ma demande.<\/span>\t\t\t\t<\/div>\n\t\t\t\t\t\t\t\t<div class=\"elementor-field-type-recaptcha_v3 elementor-field-group elementor-column elementor-field-group-field_a8b0751 elementor-col-100 recaptcha_v3-bottomright\">\n\t\t\t\t\t<div class=\"elementor-field\" id=\"form-field-field_a8b0751\"><div class=\"elementor-g-recaptcha\" data-sitekey=\"6LfFIF0rAAAAAIFEHyK0s6JLXTr710mz3FgNfdoM\" data-type=\"v3\" data-action=\"Form\" data-badge=\"bottomright\" data-size=\"invisible\"><\/div><\/div>\t\t\t\t<\/div>\n\t\t\t\t\t\t\t\t<div class=\"elementor-field-group elementor-column elementor-field-type-submit elementor-col-100 e-form__buttons\">\n\t\t\t\t\t<button class=\"elementor-button elementor-size-sm\" type=\"submit\">\n\t\t\t\t\t\t<span class=\"elementor-button-content-wrapper\">\n\t\t\t\t\t\t\t\t\t\t\t\t\t\t\t\t\t\t\t\t\t\t<span class=\"elementor-button-text\">Envoyer la demande<\/span>\n\t\t\t\t\t\t\t\t\t\t\t\t\t<\/span>\n\t\t\t\t\t<\/button>\n\t\t\t\t<\/div>\n\t\t\t<\/div>\n\t\t<input type=\"hidden\" name=\"trp-form-language\" value=\"fr\"\/><\/form>\n\t\t\t\t\t\t<\/div>\n\t\t\t\t<\/div>\n\t\t\t\t<\/div>\n\t\t\t\t<\/div>\n\t\t\t\t<\/div>\n\t\t\t\t<\/div>\n\t\t\t\t<\/div>\n\t\t\t\t<\/div>\n\t\t\t\t<\/div>","protected":false},"excerpt":{"rendered":"<p>Contact us We are here to assist you ParaBox Gen\u00e8ve Cornavin center, open 24\/7, is located on Rue des Quatre-Saisons, just a stone\u2019s throw from Cornavin train station. A pedestrian entrance is also available at\u00a0Rue du Cercle 2. Call us at +41 22 735 45 00 or fill out the contact form, and we&#8217;ll get [&hellip;]<\/p>","protected":false},"author":1,"featured_media":0,"parent":0,"menu_order":0,"comment_status":"closed","ping_status":"closed","template":"","meta":{"footnotes":""},"class_list":["post-3647","page","type-page","status-publish","hentry"],"yoast_head":"<!-- This site is optimized with the Yoast SEO plugin v25.1 - https:\/\/yoast.com\/wordpress\/plugins\/seo\/ -->\n<title>Contactez-nous - Parabox<\/title>\n<meta name=\"robots\" content=\"index, follow, max-snippet:-1, max-image-preview:large, max-video-preview:-1\" \/>\n<link rel=\"canonical\" href=\"https:\/\/paraboxstorage.ch\/fr\/contact-us\/\" \/>\n<meta property=\"og:locale\" content=\"fr_FR\" \/>\n<meta property=\"og:type\" content=\"article\" \/>\n<meta property=\"og:title\" content=\"Contactez-nous - Parabox\" \/>\n<meta property=\"og:description\" content=\"Contact us We are here to assist you ParaBox Gen\u00e8ve Cornavin center, open 24\/7, is located on Rue des Quatre-Saisons, just a stone\u2019s throw from Cornavin train station. A pedestrian entrance is also available at\u00a0Rue du Cercle 2. Call us at +41 22 735 45 00 or fill out the contact form, and we&#8217;ll get [&hellip;]\" \/>\n<meta property=\"og:url\" content=\"https:\/\/paraboxstorage.ch\/fr\/contact-us\/\" \/>\n<meta property=\"og:site_name\" content=\"ParaBox\" \/>\n<meta property=\"article:modified_time\" content=\"2026-02-03T08:36:32+00:00\" \/>\n<meta name=\"twitter:card\" content=\"summary_large_image\" \/>\n<meta name=\"twitter:label1\" content=\"Dur\u00e9e de lecture estim\u00e9e\" \/>\n\t<meta name=\"twitter:data1\" content=\"2 minutes\" \/>\n<script type=\"application\/ld+json\" class=\"yoast-schema-graph\">{\"@context\":\"https:\/\/schema.org\",\"@graph\":[{\"@type\":\"WebPage\",\"@id\":\"https:\/\/paraboxstorage.ch\/fr\/contact-us\/\",\"url\":\"https:\/\/paraboxstorage.ch\/fr\/contact-us\/\",\"name\":\"Contactez-nous - Parabox\",\"isPartOf\":{\"@id\":\"https:\/\/paraboxstorage.ch\/#website\"},\"datePublished\":\"2024-07-01T15:45:12+00:00\",\"dateModified\":\"2026-02-03T08:36:32+00:00\",\"breadcrumb\":{\"@id\":\"https:\/\/paraboxstorage.ch\/fr\/contact-us\/#breadcrumb\"},\"inLanguage\":\"fr-FR\",\"potentialAction\":[{\"@type\":\"ReadAction\",\"target\":[\"https:\/\/paraboxstorage.ch\/fr\/contact-us\/\"]}]},{\"@type\":\"BreadcrumbList\",\"@id\":\"https:\/\/paraboxstorage.ch\/fr\/contact-us\/#breadcrumb\",\"itemListElement\":[{\"@type\":\"ListItem\",\"position\":1,\"name\":\"Home\",\"item\":\"https:\/\/paraboxstorage.ch\/\"},{\"@type\":\"ListItem\",\"position\":2,\"name\":\"Contact us\"}]},{\"@type\":\"WebSite\",\"@id\":\"https:\/\/paraboxstorage.ch\/#website\",\"url\":\"https:\/\/paraboxstorage.ch\/\",\"name\":\"ParaBox\",\"description\":\"Storage spaces in downtown Geneva\",\"potentialAction\":[{\"@type\":\"SearchAction\",\"target\":{\"@type\":\"EntryPoint\",\"urlTemplate\":\"https:\/\/paraboxstorage.ch\/?s={search_term_string}\"},\"query-input\":{\"@type\":\"PropertyValueSpecification\",\"valueRequired\":true,\"valueName\":\"search_term_string\"}}],\"inLanguage\":\"fr-FR\"}]}<\/script>\n<!-- \/ Yoast SEO plugin. -->","yoast_head_json":{"title":"Contactez-nous - Parabox","robots":{"index":"index","follow":"follow","max-snippet":"max-snippet:-1","max-image-preview":"max-image-preview:large","max-video-preview":"max-video-preview:-1"},"canonical":"https:\/\/paraboxstorage.ch\/fr\/contact-us\/","og_locale":"fr_FR","og_type":"article","og_title":"Contactez-nous - Parabox","og_description":"Contact us We are here to assist you ParaBox Gen\u00e8ve Cornavin center, open 24\/7, is located on Rue des Quatre-Saisons, just a stone\u2019s throw from Cornavin train station. A pedestrian entrance is also available at\u00a0Rue du Cercle 2. Call us at +41 22 735 45 00 or fill out the contact form, and we&#8217;ll get [&hellip;]","og_url":"https:\/\/paraboxstorage.ch\/fr\/contact-us\/","og_site_name":"ParaBox","article_modified_time":"2026-02-03T08:36:32+00:00","twitter_card":"summary_large_image","twitter_misc":{"Dur\u00e9e de lecture estim\u00e9e":"2 minutes"},"schema":{"@context":"https:\/\/schema.org","@graph":[{"@type":"WebPage","@id":"https:\/\/paraboxstorage.ch\/fr\/contact-us\/","url":"https:\/\/paraboxstorage.ch\/fr\/contact-us\/","name":"Contactez-nous - Parabox","isPartOf":{"@id":"https:\/\/paraboxstorage.ch\/#website"},"datePublished":"2024-07-01T15:45:12+00:00","dateModified":"2026-02-03T08:36:32+00:00","breadcrumb":{"@id":"https:\/\/paraboxstorage.ch\/fr\/contact-us\/#breadcrumb"},"inLanguage":"fr-FR","potentialAction":[{"@type":"ReadAction","target":["https:\/\/paraboxstorage.ch\/fr\/contact-us\/"]}]},{"@type":"BreadcrumbList","@id":"https:\/\/paraboxstorage.ch\/fr\/contact-us\/#breadcrumb","itemListElement":[{"@type":"ListItem","position":1,"name":"Home","item":"https:\/\/paraboxstorage.ch\/"},{"@type":"ListItem","position":2,"name":"Contact us"}]},{"@type":"WebSite","@id":"https:\/\/paraboxstorage.ch\/#website","url":"https:\/\/paraboxstorage.ch\/","name":"ParaBox","description":"Storage spaces in downtown Geneva","potentialAction":[{"@type":"SearchAction","target":{"@type":"EntryPoint","urlTemplate":"https:\/\/paraboxstorage.ch\/?s={search_term_string}"},"query-input":{"@type":"PropertyValueSpecification","valueRequired":true,"valueName":"search_term_string"}}],"inLanguage":"fr-FR"}]}},"_links":{"self":[{"href":"https:\/\/paraboxstorage.ch\/fr\/wp-json\/wp\/v2\/pages\/3647","targetHints":{"allow":["GET"]}}],"collection":[{"href":"https:\/\/paraboxstorage.ch\/fr\/wp-json\/wp\/v2\/pages"}],"about":[{"href":"https:\/\/paraboxstorage.ch\/fr\/wp-json\/wp\/v2\/types\/page"}],"author":[{"embeddable":true,"href":"https:\/\/paraboxstorage.ch\/fr\/wp-json\/wp\/v2\/users\/1"}],"replies":[{"embeddable":true,"href":"https:\/\/paraboxstorage.ch\/fr\/wp-json\/wp\/v2\/comments?post=3647"}],"version-history":[{"count":55,"href":"https:\/\/paraboxstorage.ch\/fr\/wp-json\/wp\/v2\/pages\/3647\/revisions"}],"predecessor-version":[{"id":6051,"href":"https:\/\/paraboxstorage.ch\/fr\/wp-json\/wp\/v2\/pages\/3647\/revisions\/6051"}],"wp:attachment":[{"href":"https:\/\/paraboxstorage.ch\/fr\/wp-json\/wp\/v2\/media?parent=3647"}],"curies":[{"name":"wp","href":"https:\/\/api.w.org\/{rel}","templated":true}]}}